{"id":1804,"date":"2020-01-31T20:39:32","date_gmt":"2020-01-31T20:39:32","guid":{"rendered":"https:\/\/aspaen.edu.co\/urapanes\/?page_id=1804"},"modified":"2021-06-21T20:11:01","modified_gmt":"2021-06-21T20:11:01","slug":"nuestro-personal","status":"publish","type":"page","link":"https:\/\/aspaen.edu.co\/urapanes\/nuestro-personal\/","title":{"rendered":"Nuestro personal"},"content":{"rendered":"\t\t<div data-elementor-type=\"wp-page\" data-elementor-id=\"1804\" class=\"elementor elementor-1804\" data-elementor-post-type=\"page\">\n\t\t\t\t\t\t\t\t\t<section class=\"elementor-section elementor-top-section elementor-element elementor-element-1e60a33c elementor-section-full_width elementor-section-height-min-height elementor-section-height-default elementor-section-items-middle\" data-id=\"1e60a33c\" data-element_type=\"section\" data-settings=\"{&quot;background_background&quot;:&quot;classic&quot;}\">\n\t\t\t\t\t\t\t<div class=\"elementor-background-overlay\"><\/div>\n\t\t\t\t\t\t\t<div class=\"elementor-container elementor-column-gap-no\">\n\t\t\t\t\t<div class=\"elementor-column elementor-col-100 elementor-top-column elementor-element elementor-element-4998acd4\" data-id=\"4998acd4\" data-element_type=\"column\">\n\t\t\t<div class=\"elementor-widget-wrap\">\n\t\t\t\t\t\t\t\t\t<\/div>\n\t\t<\/div>\n\t\t\t\t\t\t\t<\/div>\n\t\t<\/section>\n\t\t\t\t<section class=\"elementor-section elementor-top-section elementor-element elementor-element-2e6f31e6 elementor-section-full_width elementor-section-height-default elementor-section-height-default\" data-id=\"2e6f31e6\" data-element_type=\"section\">\n\t\t\t\t\t\t<div class=\"elementor-container elementor-column-gap-no\">\n\t\t\t\t\t<div class=\"elementor-column elementor-col-100 elementor-top-column elementor-element elementor-element-44dbe509\" data-id=\"44dbe509\" data-element_type=\"column\">\n\t\t\t<div class=\"elementor-widget-wrap elementor-element-populated\">\n\t\t\t\t\t\t\t\t<div class=\"elementor-element elementor-element-6851faeb elementor-widget elementor-widget-template\" data-id=\"6851faeb\" data-element_type=\"widget\" data-widget_type=\"template.default\">\n\t\t\t\t<div class=\"elementor-widget-container\">\n\t\t\t\t\t<div class=\"elementor-template\">\n\t\t\t\t\t<div data-elementor-type=\"section\" data-elementor-id=\"811\" class=\"elementor elementor-811\" data-elementor-post-type=\"elementor_library\">\n\t\t\t\t\t\t\t\t<section class=\"elementor-section elementor-top-section elementor-element elementor-element-d0b2bd8 elementor-section-height-min-height elementor-section-boxed elementor-section-height-default elementor-section-items-middle\" data-id=\"d0b2bd8\" data-element_type=\"section\" data-settings=\"{&quot;background_background&quot;:&quot;classic&quot;}\">\n\t\t\t\t\t\t<div class=\"elementor-container elementor-column-gap-no\">\n\t\t\t\t\t<div class=\"elementor-column elementor-col-33 elementor-top-column elementor-element elementor-element-6c56f6ea\" data-id=\"6c56f6ea\" data-element_type=\"column\">\n\t\t\t<div class=\"elementor-widget-wrap elementor-element-populated\">\n\t\t\t\t\t\t\t\t<div class=\"elementor-element elementor-element-5198c713 elementor-button-info elementor-align-center elementor-widget elementor-widget-button\" data-id=\"5198c713\" data-element_type=\"widget\" data-widget_type=\"button.default\">\n\t\t\t\t<div class=\"elementor-widget-container\">\n\t\t\t\t\t<div class=\"elementor-button-wrapper\">\n\t\t\t<a class=\"elementor-button elementor-button-link elementor-size-sm\" href=\"https:\/\/aspaen.edu.co\/urapanes\/contactanos\/\">\n\t\t\t\t\t\t<span class=\"elementor-button-content-wrapper\">\n\t\t\t\t\t\t<span class=\"elementor-button-icon elementor-align-icon-left\">\n\t\t\t\t<i aria-hidden=\"true\" class=\"fas fa-envelope\"><\/i>\t\t\t<\/span>\n\t\t\t\t\t\t<span class=\"elementor-button-text\">Cont\u00e1ctanos<\/span>\n\t\t<\/span>\n\t\t\t\t\t<\/a>\n\t\t<\/div>\n\t\t\t\t<\/div>\n\t\t\t\t<\/div>\n\t\t\t\t\t<\/div>\n\t\t<\/div>\n\t\t\t\t<div class=\"elementor-column elementor-col-33 elementor-top-column elementor-element elementor-element-46865a18\" data-id=\"46865a18\" data-element_type=\"column\">\n\t\t\t<div class=\"elementor-widget-wrap elementor-element-populated\">\n\t\t\t\t\t\t\t\t<div class=\"elementor-element elementor-element-beb9087 elementor-button-info elementor-align-center elementor-widget elementor-widget-button\" data-id=\"beb9087\" data-element_type=\"widget\" data-widget_type=\"button.default\">\n\t\t\t\t<div class=\"elementor-widget-container\">\n\t\t\t\t\t<div class=\"elementor-button-wrapper\">\n\t\t\t<a class=\"elementor-button elementor-button-link elementor-size-sm\" href=\"https:\/\/aspaen.edu.co\/urapanes\/conoce-nuestro-preescolar\/\">\n\t\t\t\t\t\t<span class=\"elementor-button-content-wrapper\">\n\t\t\t\t\t\t<span class=\"elementor-button-icon elementor-align-icon-left\">\n\t\t\t\t<i aria-hidden=\"true\" class=\"fas fa-map-marker-alt\"><\/i>\t\t\t<\/span>\n\t\t\t\t\t\t<span class=\"elementor-button-text\">Conoce nuestro preescolar<\/span>\n\t\t<\/span>\n\t\t\t\t\t<\/a>\n\t\t<\/div>\n\t\t\t\t<\/div>\n\t\t\t\t<\/div>\n\t\t\t\t\t<\/div>\n\t\t<\/div>\n\t\t\t\t<div class=\"elementor-column elementor-col-33 elementor-top-column elementor-element elementor-element-4c774a65\" data-id=\"4c774a65\" data-element_type=\"column\">\n\t\t\t<div class=\"elementor-widget-wrap elementor-element-populated\">\n\t\t\t\t\t\t\t\t<div class=\"elementor-element elementor-element-7bd18962 elementor-button-info elementor-align-center elementor-widget elementor-widget-button\" data-id=\"7bd18962\" data-element_type=\"widget\" data-widget_type=\"button.default\">\n\t\t\t\t<div class=\"elementor-widget-container\">\n\t\t\t\t\t<div class=\"elementor-button-wrapper\">\n\t\t\t<a class=\"elementor-button elementor-button-link elementor-size-sm\" href=\"https:\/\/aspaen.edu.co\/admisiones\/\">\n\t\t\t\t\t\t<span class=\"elementor-button-content-wrapper\">\n\t\t\t\t\t\t<span class=\"elementor-button-icon elementor-align-icon-left\">\n\t\t\t\t<i aria-hidden=\"true\" class=\"fas fa-pencil-alt\"><\/i>\t\t\t<\/span>\n\t\t\t\t\t\t<span class=\"elementor-button-text\">Aplica ahora<\/span>\n\t\t<\/span>\n\t\t\t\t\t<\/a>\n\t\t<\/div>\n\t\t\t\t<\/div>\n\t\t\t\t<\/div>\n\t\t\t\t\t<\/div>\n\t\t<\/div>\n\t\t\t\t\t\t\t<\/div>\n\t\t<\/section>\n\t\t\t\t\t\t<\/div>\n\t\t\t\t<\/div>\n\t\t\t\t<\/div>\n\t\t\t\t<\/div>\n\t\t\t\t\t<\/div>\n\t\t<\/div>\n\t\t\t\t\t\t\t<\/div>\n\t\t<\/section>\n\t\t\t\t<section class=\"elementor-section elementor-top-section elementor-element elementor-element-3eea6698 elementor-section-boxed elementor-section-height-default elementor-section-height-default\" data-id=\"3eea6698\" data-element_type=\"section\">\n\t\t\t\t\t\t<div class=\"elementor-container elementor-column-gap-default\">\n\t\t\t\t\t<div class=\"elementor-column elementor-col-100 elementor-top-column elementor-element elementor-element-70193005\" data-id=\"70193005\" data-element_type=\"column\">\n\t\t\t<div class=\"elementor-widget-wrap elementor-element-populated\">\n\t\t\t\t\t\t\t\t<div class=\"elementor-element elementor-element-7198f9bd elementor-widget elementor-widget-heading\" data-id=\"7198f9bd\" data-element_type=\"widget\" data-widget_type=\"heading.default\">\n\t\t\t\t<div class=\"elementor-widget-container\">\n\t\t\t<h1 class=\"elementor-heading-title elementor-size-default\">Toda una vida de confianza empieza aqu\u00ed<\/h1>\t\t<\/div>\n\t\t\t\t<\/div>\n\t\t\t\t\t<\/div>\n\t\t<\/div>\n\t\t\t\t\t\t\t<\/div>\n\t\t<\/section>\n\t\t\t\t<section class=\"elementor-section elementor-top-section elementor-element elementor-element-2d19edc3 elementor-section-boxed elementor-section-height-default elementor-section-height-default\" data-id=\"2d19edc3\" data-element_type=\"section\">\n\t\t\t\t\t\t<div class=\"elementor-container elementor-column-gap-default\">\n\t\t\t\t\t<div class=\"elementor-column elementor-col-25 elementor-top-column elementor-element elementor-element-79a3e1dd\" data-id=\"79a3e1dd\" data-element_type=\"column\">\n\t\t\t<div class=\"elementor-widget-wrap elementor-element-populated\">\n\t\t\t\t\t\t\t\t<div class=\"elementor-element elementor-element-3c646964 elementor-position-top elementor-widget elementor-widget-image-box\" data-id=\"3c646964\" data-element_type=\"widget\" data-widget_type=\"image-box.default\">\n\t\t\t\t<div class=\"elementor-widget-container\">\n\t\t\t<div class=\"elementor-image-box-wrapper\"><figure class=\"elementor-image-box-img\"><img fetchpriority=\"high\" decoding=\"async\" width=\"400\" height=\"600\" src=\"https:\/\/aspaen.edu.co\/urapanes\/wp-content\/uploads\/sites\/43\/2020\/04\/Angela-Maria-Velasquez.jpg\" class=\"attachment-full size-full wp-image-1997\" alt=\"\" srcset=\"https:\/\/aspaen.edu.co\/urapanes\/wp-content\/uploads\/sites\/43\/2020\/04\/Angela-Maria-Velasquez.jpg 400w, https:\/\/aspaen.edu.co\/urapanes\/wp-content\/uploads\/sites\/43\/2020\/04\/Angela-Maria-Velasquez-200x300.jpg 200w\" sizes=\"(max-width: 400px) 100vw, 400px\" \/><\/figure><div class=\"elementor-image-box-content\"><h4 class=\"elementor-image-box-title\">\u00c1ngela Mar\u00eda Vel\u00e1squez Garc\u00eda <br> <sub>Directora General<\/h4><p class=\"elementor-image-box-description\">Profesional en Mercadeo Nacional e Internacional, Especialista en Gerencia de Negocios Internacionales, estudiante de Maestr\u00eda en Direcci\u00f3n y Gesti\u00f3n de Instituciones Educativas. Cuenta con experiencia en el \u00e1rea comercial, servicio al cliente y mercadeo en empresa privada.<\/p><\/div><\/div>\t\t<\/div>\n\t\t\t\t<\/div>\n\t\t\t\t\t<\/div>\n\t\t<\/div>\n\t\t\t\t<div class=\"elementor-column elementor-col-25 elementor-top-column elementor-element elementor-element-30edb6a4\" data-id=\"30edb6a4\" data-element_type=\"column\">\n\t\t\t<div class=\"elementor-widget-wrap elementor-element-populated\">\n\t\t\t\t\t\t\t\t<div class=\"elementor-element elementor-element-fd1d17f elementor-position-top elementor-widget elementor-widget-image-box\" data-id=\"fd1d17f\" data-element_type=\"widget\" data-widget_type=\"image-box.default\">\n\t\t\t\t<div class=\"elementor-widget-container\">\n\t\t\t<div class=\"elementor-image-box-wrapper\"><figure class=\"elementor-image-box-img\"><img decoding=\"async\" width=\"400\" height=\"600\" src=\"https:\/\/aspaen.edu.co\/urapanes\/wp-content\/uploads\/sites\/43\/2020\/03\/Diana-Milena-Rendon-.jpg\" class=\"attachment-full size-full wp-image-1879\" alt=\"\" srcset=\"https:\/\/aspaen.edu.co\/urapanes\/wp-content\/uploads\/sites\/43\/2020\/03\/Diana-Milena-Rendon-.jpg 400w, https:\/\/aspaen.edu.co\/urapanes\/wp-content\/uploads\/sites\/43\/2020\/03\/Diana-Milena-Rendon--200x300.jpg 200w\" sizes=\"(max-width: 400px) 100vw, 400px\" \/><\/figure><div class=\"elementor-image-box-content\"><h4 class=\"elementor-image-box-title\">Diana Milena Rend\u00f3n Manrique <br> <sub>Directora Acad\u00e9mica<\/h4><p class=\"elementor-image-box-description\">Licenciada en Matem\u00e1ticas, Mag\u00edster en Pedagog\u00eda e Investigaci\u00f3n en Aula. Cuenta con experiencia en educaci\u00f3n infantil, formaci\u00f3n de familias, direcci\u00f3n equipo docente, orientaci\u00f3n musical.<\/p><\/div><\/div>\t\t<\/div>\n\t\t\t\t<\/div>\n\t\t\t\t\t<\/div>\n\t\t<\/div>\n\t\t\t\t<div class=\"elementor-column elementor-col-25 elementor-top-column elementor-element elementor-element-1ba2fb38\" data-id=\"1ba2fb38\" data-element_type=\"column\">\n\t\t\t<div class=\"elementor-widget-wrap elementor-element-populated\">\n\t\t\t\t\t\t\t\t<div class=\"elementor-element elementor-element-29109bf9 elementor-position-top elementor-widget elementor-widget-image-box\" data-id=\"29109bf9\" data-element_type=\"widget\" data-widget_type=\"image-box.default\">\n\t\t\t\t<div class=\"elementor-widget-container\">\n\t\t\t<div class=\"elementor-image-box-wrapper\"><figure class=\"elementor-image-box-img\"><img decoding=\"async\" width=\"400\" height=\"600\" src=\"https:\/\/aspaen.edu.co\/urapanes\/wp-content\/uploads\/sites\/43\/2020\/02\/Luisa-Hernandez.jpg\" class=\"attachment-full size-full wp-image-1836\" alt=\"\" srcset=\"https:\/\/aspaen.edu.co\/urapanes\/wp-content\/uploads\/sites\/43\/2020\/02\/Luisa-Hernandez.jpg 400w, https:\/\/aspaen.edu.co\/urapanes\/wp-content\/uploads\/sites\/43\/2020\/02\/Luisa-Hernandez-200x300.jpg 200w\" sizes=\"(max-width: 400px) 100vw, 400px\" \/><\/figure><div class=\"elementor-image-box-content\"><h4 class=\"elementor-image-box-title\">Luisa Fernanda Hern\u00e1ndez Casta\u00f1eda <br> <sub>Coordinadora Nivel - Docente<\/h4><p class=\"elementor-image-box-description\">Licenciada en Pedagog\u00eda Infantil y Mag\u00edster en Asesor\u00eda Familiar y programas para la familia. Cuenta con experiencia en educaci\u00f3n infantil y formaci\u00f3n de familias.<\/p><\/div><\/div>\t\t<\/div>\n\t\t\t\t<\/div>\n\t\t\t\t\t<\/div>\n\t\t<\/div>\n\t\t\t\t<div class=\"elementor-column elementor-col-25 elementor-top-column elementor-element elementor-element-73775b67\" data-id=\"73775b67\" data-element_type=\"column\">\n\t\t\t<div class=\"elementor-widget-wrap elementor-element-populated\">\n\t\t\t\t\t\t\t\t<div class=\"elementor-element elementor-element-103659ea elementor-position-top elementor-widget elementor-widget-image-box\" data-id=\"103659ea\" data-element_type=\"widget\" data-widget_type=\"image-box.default\">\n\t\t\t\t<div class=\"elementor-widget-container\">\n\t\t\t<div class=\"elementor-image-box-wrapper\"><figure class=\"elementor-image-box-img\"><img loading=\"lazy\" decoding=\"async\" width=\"400\" height=\"600\" src=\"https:\/\/aspaen.edu.co\/urapanes\/wp-content\/uploads\/sites\/43\/2020\/02\/Liliana-Loaiza-Leal.jpg\" class=\"attachment-full size-full wp-image-1837\" alt=\"\" srcset=\"https:\/\/aspaen.edu.co\/urapanes\/wp-content\/uploads\/sites\/43\/2020\/02\/Liliana-Loaiza-Leal.jpg 400w, https:\/\/aspaen.edu.co\/urapanes\/wp-content\/uploads\/sites\/43\/2020\/02\/Liliana-Loaiza-Leal-200x300.jpg 200w\" sizes=\"(max-width: 400px) 100vw, 400px\" \/><\/figure><div class=\"elementor-image-box-content\"><h4 class=\"elementor-image-box-title\">Liliana Loaiza Leal<br> <sub>Docente Directora de Grupo<\/h4><p class=\"elementor-image-box-description\">Licenciada en Educaci\u00f3n Preescolar.<\/p><\/div><\/div>\t\t<\/div>\n\t\t\t\t<\/div>\n\t\t\t\t\t<\/div>\n\t\t<\/div>\n\t\t\t\t\t\t\t<\/div>\n\t\t<\/section>\n\t\t\t\t<section class=\"elementor-section elementor-top-section elementor-element elementor-element-3dc0ea3a elementor-section-boxed elementor-section-height-default elementor-section-height-default\" data-id=\"3dc0ea3a\" data-element_type=\"section\">\n\t\t\t\t\t\t<div class=\"elementor-container elementor-column-gap-default\">\n\t\t\t\t\t<div class=\"elementor-column elementor-col-33 elementor-top-column elementor-element elementor-element-27d7f2a5\" data-id=\"27d7f2a5\" data-element_type=\"column\">\n\t\t\t<div class=\"elementor-widget-wrap elementor-element-populated\">\n\t\t\t\t\t\t\t\t<div class=\"elementor-element elementor-element-7df96306 elementor-position-top elementor-widget elementor-widget-image-box\" data-id=\"7df96306\" data-element_type=\"widget\" data-widget_type=\"image-box.default\">\n\t\t\t\t<div class=\"elementor-widget-container\">\n\t\t\t<div class=\"elementor-image-box-wrapper\"><figure class=\"elementor-image-box-img\"><img loading=\"lazy\" decoding=\"async\" width=\"400\" height=\"600\" src=\"https:\/\/aspaen.edu.co\/urapanes\/wp-content\/uploads\/sites\/43\/2020\/02\/Jennifer-Quintero.jpg\" class=\"attachment-full size-full wp-image-1842\" alt=\"\" srcset=\"https:\/\/aspaen.edu.co\/urapanes\/wp-content\/uploads\/sites\/43\/2020\/02\/Jennifer-Quintero.jpg 400w, https:\/\/aspaen.edu.co\/urapanes\/wp-content\/uploads\/sites\/43\/2020\/02\/Jennifer-Quintero-200x300.jpg 200w\" sizes=\"(max-width: 400px) 100vw, 400px\" \/><\/figure><div class=\"elementor-image-box-content\"><h4 class=\"elementor-image-box-title\">Jenniffer Quintero Mu\u00f1oz<br> <sub>Docente Directora de Grupo<\/h4><p class=\"elementor-image-box-description\">Licenciada en Pedagog\u00eda Infantil.<\/p><\/div><\/div>\t\t<\/div>\n\t\t\t\t<\/div>\n\t\t\t\t\t<\/div>\n\t\t<\/div>\n\t\t\t\t<div class=\"elementor-column elementor-col-33 elementor-top-column elementor-element elementor-element-201ea02c\" data-id=\"201ea02c\" data-element_type=\"column\">\n\t\t\t<div class=\"elementor-widget-wrap elementor-element-populated\">\n\t\t\t\t\t\t\t\t<div class=\"elementor-element elementor-element-1cfa85c elementor-position-top elementor-widget elementor-widget-image-box\" data-id=\"1cfa85c\" data-element_type=\"widget\" data-widget_type=\"image-box.default\">\n\t\t\t\t<div class=\"elementor-widget-container\">\n\t\t\t<div class=\"elementor-image-box-wrapper\"><figure class=\"elementor-image-box-img\"><img loading=\"lazy\" decoding=\"async\" width=\"400\" height=\"600\" src=\"https:\/\/aspaen.edu.co\/urapanes\/wp-content\/uploads\/sites\/43\/2020\/02\/Mary-Luz-Lopez.jpg\" class=\"attachment-full size-full wp-image-1846\" alt=\"\" srcset=\"https:\/\/aspaen.edu.co\/urapanes\/wp-content\/uploads\/sites\/43\/2020\/02\/Mary-Luz-Lopez.jpg 400w, https:\/\/aspaen.edu.co\/urapanes\/wp-content\/uploads\/sites\/43\/2020\/02\/Mary-Luz-Lopez-200x300.jpg 200w\" sizes=\"(max-width: 400px) 100vw, 400px\" \/><\/figure><div class=\"elementor-image-box-content\"><h4 class=\"elementor-image-box-title\">Mary Luz L\u00f3pez Ospina <br> <sub>Docente Directora de Grupo<\/h4><p class=\"elementor-image-box-description\">Licenciada en Pedagog\u00eda Infantil.<\/p><\/div><\/div>\t\t<\/div>\n\t\t\t\t<\/div>\n\t\t\t\t\t<\/div>\n\t\t<\/div>\n\t\t\t\t<div class=\"elementor-column elementor-col-33 elementor-top-column elementor-element elementor-element-54426317\" data-id=\"54426317\" data-element_type=\"column\">\n\t\t\t<div class=\"elementor-widget-wrap elementor-element-populated\">\n\t\t\t\t\t\t\t\t<div class=\"elementor-element elementor-element-3636630 elementor-position-top elementor-widget elementor-widget-image-box\" data-id=\"3636630\" data-element_type=\"widget\" data-widget_type=\"image-box.default\">\n\t\t\t\t<div class=\"elementor-widget-container\">\n\t\t\t<div class=\"elementor-image-box-wrapper\"><figure class=\"elementor-image-box-img\"><img loading=\"lazy\" decoding=\"async\" width=\"400\" height=\"600\" src=\"https:\/\/aspaen.edu.co\/urapanes\/wp-content\/uploads\/sites\/43\/2020\/02\/Nathalia-Maria-Osorio.jpg\" class=\"attachment-full size-full wp-image-1847\" alt=\"\" srcset=\"https:\/\/aspaen.edu.co\/urapanes\/wp-content\/uploads\/sites\/43\/2020\/02\/Nathalia-Maria-Osorio.jpg 400w, https:\/\/aspaen.edu.co\/urapanes\/wp-content\/uploads\/sites\/43\/2020\/02\/Nathalia-Maria-Osorio-200x300.jpg 200w\" sizes=\"(max-width: 400px) 100vw, 400px\" \/><\/figure><div class=\"elementor-image-box-content\"><h4 class=\"elementor-image-box-title\">Nathalia Mar\u00eda Osorio Restrepo <br> <sub>  Docente Directora de Grupo<\/h4><p class=\"elementor-image-box-description\">Licenciada en Educaci\u00f3n Preescolar.<\/p><\/div><\/div>\t\t<\/div>\n\t\t\t\t<\/div>\n\t\t\t\t\t<\/div>\n\t\t<\/div>\n\t\t\t\t\t\t\t<\/div>\n\t\t<\/section>\n\t\t\t\t\t\t\t<\/div>\n\t\t","protected":false},"excerpt":{"rendered":"<p>Toda una vida de confianza empieza aqu\u00ed \u00c1ngela Mar\u00eda Vel\u00e1squez Garc\u00eda Directora General Profesional en Mercadeo Nacional e Internacional, Especialista en Gerencia de Negocios Internacionales, estudiante de Maestr\u00eda en Direcci\u00f3n y Gesti\u00f3n de Instituciones Educativas. Cuenta con experiencia en el \u00e1rea comercial, servicio al cliente y mercadeo en empresa privada. Diana Milena Rend\u00f3n Manrique Directora [&hellip;]<\/p>\n","protected":false},"author":2,"featured_media":0,"parent":0,"menu_order":0,"comment_status":"closed","ping_status":"closed","template":"","meta":{"footnotes":""},"yoast_head":"<!-- This site is optimized with the Yoast SEO plugin v21.7 - https:\/\/yoast.com\/wordpress\/plugins\/seo\/ -->\n<title>Nuestro personal - Aspaen Urapanes<\/title>\n<meta name=\"robots\" content=\"index, follow, max-snippet:-1, max-image-preview:large, max-video-preview:-1\" \/>\n<link rel=\"canonical\" href=\"https:\/\/aspaen.edu.co\/urapanes\/nuestro-personal\/\" \/>\n<meta property=\"og:locale\" content=\"es_ES\" \/>\n<meta property=\"og:type\" content=\"article\" \/>\n<meta property=\"og:title\" content=\"Nuestro personal - Aspaen Urapanes\" \/>\n<meta property=\"og:description\" content=\"Toda una vida de confianza empieza aqu\u00ed \u00c1ngela Mar\u00eda Vel\u00e1squez Garc\u00eda Directora General Profesional en Mercadeo Nacional e Internacional, Especialista en Gerencia de Negocios Internacionales, estudiante de Maestr\u00eda en Direcci\u00f3n y Gesti\u00f3n de Instituciones Educativas. Cuenta con experiencia en el \u00e1rea comercial, servicio al cliente y mercadeo en empresa privada. Diana Milena Rend\u00f3n Manrique Directora [&hellip;]\" \/>\n<meta property=\"og:url\" content=\"https:\/\/aspaen.edu.co\/urapanes\/nuestro-personal\/\" \/>\n<meta property=\"og:site_name\" content=\"Aspaen Urapanes\" \/>\n<meta property=\"article:modified_time\" content=\"2021-06-21T20:11:01+00:00\" \/>\n<meta property=\"og:image\" content=\"https:\/\/aspaen.edu.co\/urapanes\/wp-content\/uploads\/sites\/43\/2020\/04\/Angela-Maria-Velasquez.jpg\" \/>\n<meta name=\"twitter:card\" content=\"summary_large_image\" \/>\n<meta name=\"twitter:label1\" content=\"Tiempo de lectura\" \/>\n\t<meta name=\"twitter:data1\" content=\"1 minuto\" \/>\n<script type=\"application\/ld+json\" class=\"yoast-schema-graph\">{\"@context\":\"https:\/\/schema.org\",\"@graph\":[{\"@type\":\"WebPage\",\"@id\":\"https:\/\/aspaen.edu.co\/urapanes\/nuestro-personal\/\",\"url\":\"https:\/\/aspaen.edu.co\/urapanes\/nuestro-personal\/\",\"name\":\"Nuestro personal - Aspaen Urapanes\",\"isPartOf\":{\"@id\":\"https:\/\/aspaen.edu.co\/urapanes\/#website\"},\"datePublished\":\"2020-01-31T20:39:32+00:00\",\"dateModified\":\"2021-06-21T20:11:01+00:00\",\"breadcrumb\":{\"@id\":\"https:\/\/aspaen.edu.co\/urapanes\/nuestro-personal\/#breadcrumb\"},\"inLanguage\":\"es\",\"potentialAction\":[{\"@type\":\"ReadAction\",\"target\":[\"https:\/\/aspaen.edu.co\/urapanes\/nuestro-personal\/\"]}]},{\"@type\":\"BreadcrumbList\",\"@id\":\"https:\/\/aspaen.edu.co\/urapanes\/nuestro-personal\/#breadcrumb\",\"itemListElement\":[{\"@type\":\"ListItem\",\"position\":1,\"name\":\"Portada\",\"item\":\"https:\/\/aspaen.edu.co\/urapanes\/\"},{\"@type\":\"ListItem\",\"position\":2,\"name\":\"Nuestro personal\"}]},{\"@type\":\"WebSite\",\"@id\":\"https:\/\/aspaen.edu.co\/urapanes\/#website\",\"url\":\"https:\/\/aspaen.edu.co\/urapanes\/\",\"name\":\"Aspaen Urapanes\",\"description\":\"Un buen comienzo para un buen futuro\",\"publisher\":{\"@id\":\"https:\/\/aspaen.edu.co\/urapanes\/#organization\"},\"potentialAction\":[{\"@type\":\"SearchAction\",\"target\":{\"@type\":\"EntryPoint\",\"urlTemplate\":\"https:\/\/aspaen.edu.co\/urapanes\/?s={search_term_string}\"},\"query-input\":\"required name=search_term_string\"}],\"inLanguage\":\"es\"},{\"@type\":\"Organization\",\"@id\":\"https:\/\/aspaen.edu.co\/urapanes\/#organization\",\"name\":\"Aspaen Urapanes\",\"url\":\"https:\/\/aspaen.edu.co\/urapanes\/\",\"logo\":{\"@type\":\"ImageObject\",\"inLanguage\":\"es\",\"@id\":\"https:\/\/aspaen.edu.co\/urapanes\/#\/schema\/logo\/image\/\",\"url\":\"https:\/\/aspaen.edu.co\/urapanes\/wp-content\/uploads\/sites\/43\/2020\/06\/logo-urapanes-x90.png\",\"contentUrl\":\"https:\/\/aspaen.edu.co\/urapanes\/wp-content\/uploads\/sites\/43\/2020\/06\/logo-urapanes-x90.png\",\"width\":212,\"height\":90,\"caption\":\"Aspaen Urapanes\"},\"image\":{\"@id\":\"https:\/\/aspaen.edu.co\/urapanes\/#\/schema\/logo\/image\/\"}}]}<\/script>\n<!-- \/ Yoast SEO plugin. -->","yoast_head_json":{"title":"Nuestro personal - Aspaen Urapanes","robots":{"index":"index","follow":"follow","max-snippet":"max-snippet:-1","max-image-preview":"max-image-preview:large","max-video-preview":"max-video-preview:-1"},"canonical":"https:\/\/aspaen.edu.co\/urapanes\/nuestro-personal\/","og_locale":"es_ES","og_type":"article","og_title":"Nuestro personal - Aspaen Urapanes","og_description":"Toda una vida de confianza empieza aqu\u00ed \u00c1ngela Mar\u00eda Vel\u00e1squez Garc\u00eda Directora General Profesional en Mercadeo Nacional e Internacional, Especialista en Gerencia de Negocios Internacionales, estudiante de Maestr\u00eda en Direcci\u00f3n y Gesti\u00f3n de Instituciones Educativas. Cuenta con experiencia en el \u00e1rea comercial, servicio al cliente y mercadeo en empresa privada. Diana Milena Rend\u00f3n Manrique Directora [&hellip;]","og_url":"https:\/\/aspaen.edu.co\/urapanes\/nuestro-personal\/","og_site_name":"Aspaen Urapanes","article_modified_time":"2021-06-21T20:11:01+00:00","og_image":[{"url":"https:\/\/aspaen.edu.co\/urapanes\/wp-content\/uploads\/sites\/43\/2020\/04\/Angela-Maria-Velasquez.jpg"}],"twitter_card":"summary_large_image","twitter_misc":{"Tiempo de lectura":"1 minuto"},"schema":{"@context":"https:\/\/schema.org","@graph":[{"@type":"WebPage","@id":"https:\/\/aspaen.edu.co\/urapanes\/nuestro-personal\/","url":"https:\/\/aspaen.edu.co\/urapanes\/nuestro-personal\/","name":"Nuestro personal - Aspaen Urapanes","isPartOf":{"@id":"https:\/\/aspaen.edu.co\/urapanes\/#website"},"datePublished":"2020-01-31T20:39:32+00:00","dateModified":"2021-06-21T20:11:01+00:00","breadcrumb":{"@id":"https:\/\/aspaen.edu.co\/urapanes\/nuestro-personal\/#breadcrumb"},"inLanguage":"es","potentialAction":[{"@type":"ReadAction","target":["https:\/\/aspaen.edu.co\/urapanes\/nuestro-personal\/"]}]},{"@type":"BreadcrumbList","@id":"https:\/\/aspaen.edu.co\/urapanes\/nuestro-personal\/#breadcrumb","itemListElement":[{"@type":"ListItem","position":1,"name":"Portada","item":"https:\/\/aspaen.edu.co\/urapanes\/"},{"@type":"ListItem","position":2,"name":"Nuestro personal"}]},{"@type":"WebSite","@id":"https:\/\/aspaen.edu.co\/urapanes\/#website","url":"https:\/\/aspaen.edu.co\/urapanes\/","name":"Aspaen Urapanes","description":"Un buen comienzo para un buen futuro","publisher":{"@id":"https:\/\/aspaen.edu.co\/urapanes\/#organization"},"potentialAction":[{"@type":"SearchAction","target":{"@type":"EntryPoint","urlTemplate":"https:\/\/aspaen.edu.co\/urapanes\/?s={search_term_string}"},"query-input":"required name=search_term_string"}],"inLanguage":"es"},{"@type":"Organization","@id":"https:\/\/aspaen.edu.co\/urapanes\/#organization","name":"Aspaen Urapanes","url":"https:\/\/aspaen.edu.co\/urapanes\/","logo":{"@type":"ImageObject","inLanguage":"es","@id":"https:\/\/aspaen.edu.co\/urapanes\/#\/schema\/logo\/image\/","url":"https:\/\/aspaen.edu.co\/urapanes\/wp-content\/uploads\/sites\/43\/2020\/06\/logo-urapanes-x90.png","contentUrl":"https:\/\/aspaen.edu.co\/urapanes\/wp-content\/uploads\/sites\/43\/2020\/06\/logo-urapanes-x90.png","width":212,"height":90,"caption":"Aspaen Urapanes"},"image":{"@id":"https:\/\/aspaen.edu.co\/urapanes\/#\/schema\/logo\/image\/"}}]}},"_links":{"self":[{"href":"https:\/\/aspaen.edu.co\/urapanes\/wp-json\/wp\/v2\/pages\/1804"}],"collection":[{"href":"https:\/\/aspaen.edu.co\/urapanes\/wp-json\/wp\/v2\/pages"}],"about":[{"href":"https:\/\/aspaen.edu.co\/urapanes\/wp-json\/wp\/v2\/types\/page"}],"author":[{"embeddable":true,"href":"https:\/\/aspaen.edu.co\/urapanes\/wp-json\/wp\/v2\/users\/2"}],"replies":[{"embeddable":true,"href":"https:\/\/aspaen.edu.co\/urapanes\/wp-json\/wp\/v2\/comments?post=1804"}],"version-history":[{"count":0,"href":"https:\/\/aspaen.edu.co\/urapanes\/wp-json\/wp\/v2\/pages\/1804\/revisions"}],"wp:attachment":[{"href":"https:\/\/aspaen.edu.co\/urapanes\/wp-json\/wp\/v2\/media?parent=1804"}],"curies":[{"name":"wp","href":"https:\/\/api.w.org\/{rel}","templated":true}]}}