{"id":172,"date":"2019-12-05T00:13:56","date_gmt":"2019-12-05T00:13:56","guid":{"rendered":"https:\/\/aspaen.edu.co\/juanambu\/?page_id=172"},"modified":"2024-10-08T09:33:25","modified_gmt":"2024-10-08T14:33:25","slug":"conoce-nuestro-colegio","status":"publish","type":"page","link":"https:\/\/aspaen.edu.co\/juanambu\/conoce-nuestro-colegio\/","title":{"rendered":"Conoce nuestro colegio"},"content":{"rendered":"\t\t<div data-elementor-type=\"wp-page\" data-elementor-id=\"172\" class=\"elementor elementor-172\" data-elementor-post-type=\"page\">\n\t\t\t\t\t\t\t\t\t<section class=\"elementor-section elementor-top-section elementor-element elementor-element-317c878b elementor-section-full_width elementor-section-height-min-height elementor-section-height-default elementor-section-items-middle\" data-id=\"317c878b\" data-element_type=\"section\" data-settings=\"{&quot;background_background&quot;:&quot;classic&quot;}\">\n\t\t\t\t\t\t\t<div class=\"elementor-background-overlay\"><\/div>\n\t\t\t\t\t\t\t<div class=\"elementor-container elementor-column-gap-no\">\n\t\t\t\t\t<div class=\"elementor-column elementor-col-100 elementor-top-column elementor-element elementor-element-54f52cf2\" data-id=\"54f52cf2\" data-element_type=\"column\">\n\t\t\t<div class=\"elementor-widget-wrap\">\n\t\t\t\t\t\t\t\t\t<\/div>\n\t\t<\/div>\n\t\t\t\t\t\t\t<\/div>\n\t\t<\/section>\n\t\t\t\t<section class=\"elementor-section elementor-top-section elementor-element elementor-element-2e67346c elementor-section-full_width elementor-section-height-default elementor-section-height-default\" data-id=\"2e67346c\" data-element_type=\"section\">\n\t\t\t\t\t\t<div class=\"elementor-container elementor-column-gap-no\">\n\t\t\t\t\t<div class=\"elementor-column elementor-col-100 elementor-top-column elementor-element elementor-element-480bdf74\" data-id=\"480bdf74\" data-element_type=\"column\">\n\t\t\t<div class=\"elementor-widget-wrap elementor-element-populated\">\n\t\t\t\t\t\t\t\t<div class=\"elementor-element elementor-element-4e5c171e elementor-widget elementor-widget-template\" data-id=\"4e5c171e\" data-element_type=\"widget\" data-widget_type=\"template.default\">\n\t\t\t\t<div class=\"elementor-widget-container\">\n\t\t\t\t\t<div class=\"elementor-template\">\n\t\t\t\t\t<div data-elementor-type=\"section\" data-elementor-id=\"811\" class=\"elementor elementor-811\" data-elementor-post-type=\"elementor_library\">\n\t\t\t\t\t\t\t\t<section class=\"elementor-section elementor-top-section elementor-element elementor-element-d0b2bd8 elementor-section-height-min-height elementor-section-boxed elementor-section-height-default elementor-section-items-middle\" data-id=\"d0b2bd8\" data-element_type=\"section\" data-settings=\"{&quot;background_background&quot;:&quot;classic&quot;}\">\n\t\t\t\t\t\t<div class=\"elementor-container elementor-column-gap-no\">\n\t\t\t\t\t<div class=\"elementor-column elementor-col-33 elementor-top-column elementor-element elementor-element-6c56f6ea\" data-id=\"6c56f6ea\" data-element_type=\"column\">\n\t\t\t<div class=\"elementor-widget-wrap elementor-element-populated\">\n\t\t\t\t\t\t\t\t<div class=\"elementor-element elementor-element-5198c713 elementor-button-info elementor-align-center elementor-widget elementor-widget-button\" data-id=\"5198c713\" data-element_type=\"widget\" data-widget_type=\"button.default\">\n\t\t\t\t<div class=\"elementor-widget-container\">\n\t\t\t\t\t<div class=\"elementor-button-wrapper\">\n\t\t\t<a class=\"elementor-button elementor-button-link elementor-size-sm\" href=\"https:\/\/aspaen.edu.co\/juanambu\/contactanos\/\">\n\t\t\t\t\t\t<span class=\"elementor-button-content-wrapper\">\n\t\t\t\t\t\t<span class=\"elementor-button-icon elementor-align-icon-left\">\n\t\t\t\t<i aria-hidden=\"true\" class=\"fas fa-envelope\"><\/i>\t\t\t<\/span>\n\t\t\t\t\t\t<span class=\"elementor-button-text\">Cont\u00e1ctanos<\/span>\n\t\t<\/span>\n\t\t\t\t\t<\/a>\n\t\t<\/div>\n\t\t\t\t<\/div>\n\t\t\t\t<\/div>\n\t\t\t\t\t<\/div>\n\t\t<\/div>\n\t\t\t\t<div class=\"elementor-column elementor-col-33 elementor-top-column elementor-element elementor-element-46865a18\" data-id=\"46865a18\" data-element_type=\"column\">\n\t\t\t<div class=\"elementor-widget-wrap elementor-element-populated\">\n\t\t\t\t\t\t\t\t<div class=\"elementor-element elementor-element-beb9087 elementor-button-info elementor-align-center elementor-widget elementor-widget-button\" data-id=\"beb9087\" data-element_type=\"widget\" data-widget_type=\"button.default\">\n\t\t\t\t<div class=\"elementor-widget-container\">\n\t\t\t\t\t<div class=\"elementor-button-wrapper\">\n\t\t\t<a class=\"elementor-button elementor-button-link elementor-size-sm\" href=\"https:\/\/aspaen.edu.co\/juanambu\/conoce-nuestro-colegio\/\">\n\t\t\t\t\t\t<span class=\"elementor-button-content-wrapper\">\n\t\t\t\t\t\t<span class=\"elementor-button-icon elementor-align-icon-left\">\n\t\t\t\t<i aria-hidden=\"true\" class=\"fas fa-map-marker-alt\"><\/i>\t\t\t<\/span>\n\t\t\t\t\t\t<span class=\"elementor-button-text\">Conoce nuestro colegio<\/span>\n\t\t<\/span>\n\t\t\t\t\t<\/a>\n\t\t<\/div>\n\t\t\t\t<\/div>\n\t\t\t\t<\/div>\n\t\t\t\t\t<\/div>\n\t\t<\/div>\n\t\t\t\t<div class=\"elementor-column elementor-col-33 elementor-top-column elementor-element elementor-element-4c774a65\" data-id=\"4c774a65\" data-element_type=\"column\">\n\t\t\t<div class=\"elementor-widget-wrap elementor-element-populated\">\n\t\t\t\t\t\t\t\t<div class=\"elementor-element elementor-element-7bd18962 elementor-button-info elementor-align-center elementor-widget elementor-widget-button\" data-id=\"7bd18962\" data-element_type=\"widget\" data-widget_type=\"button.default\">\n\t\t\t\t<div class=\"elementor-widget-container\">\n\t\t\t\t\t<div class=\"elementor-button-wrapper\">\n\t\t\t<a class=\"elementor-button elementor-button-link elementor-size-sm\" href=\"https:\/\/aspaen.edu.co\/admisiones\/\">\n\t\t\t\t\t\t<span class=\"elementor-button-content-wrapper\">\n\t\t\t\t\t\t<span class=\"elementor-button-icon elementor-align-icon-left\">\n\t\t\t\t<i aria-hidden=\"true\" class=\"fas fa-pencil-alt\"><\/i>\t\t\t<\/span>\n\t\t\t\t\t\t<span class=\"elementor-button-text\">Aplica ahora<\/span>\n\t\t<\/span>\n\t\t\t\t\t<\/a>\n\t\t<\/div>\n\t\t\t\t<\/div>\n\t\t\t\t<\/div>\n\t\t\t\t\t<\/div>\n\t\t<\/div>\n\t\t\t\t\t\t\t<\/div>\n\t\t<\/section>\n\t\t\t\t\t\t<\/div>\n\t\t\t\t<\/div>\n\t\t\t\t<\/div>\n\t\t\t\t<\/div>\n\t\t\t\t\t<\/div>\n\t\t<\/div>\n\t\t\t\t\t\t\t<\/div>\n\t\t<\/section>\n\t\t\t\t<section class=\"elementor-section elementor-top-section elementor-element elementor-element-28f70bb2 elementor-section-boxed elementor-section-height-default elementor-section-height-default\" data-id=\"28f70bb2\" data-element_type=\"section\">\n\t\t\t\t\t\t<div class=\"elementor-container elementor-column-gap-default\">\n\t\t\t\t\t<div class=\"elementor-column elementor-col-100 elementor-top-column elementor-element elementor-element-100716ec\" data-id=\"100716ec\" data-element_type=\"column\">\n\t\t\t<div class=\"elementor-widget-wrap elementor-element-populated\">\n\t\t\t\t\t\t\t\t<div class=\"elementor-element elementor-element-2ad91a97 elementor-widget elementor-widget-heading\" data-id=\"2ad91a97\" data-element_type=\"widget\" data-widget_type=\"heading.default\">\n\t\t\t\t<div class=\"elementor-widget-container\">\n\t\t\t<h1 class=\"elementor-heading-title elementor-size-default\">conoce nuestro colegio<\/h1>\t\t<\/div>\n\t\t\t\t<\/div>\n\t\t\t\t<div class=\"elementor-element elementor-element-6a1e4bc6 elementor-widget elementor-widget-spacer\" data-id=\"6a1e4bc6\" data-element_type=\"widget\" data-widget_type=\"spacer.default\">\n\t\t\t\t<div class=\"elementor-widget-container\">\n\t\t\t\t\t<div class=\"elementor-spacer\">\n\t\t\t<div class=\"elementor-spacer-inner\"><\/div>\n\t\t<\/div>\n\t\t\t\t<\/div>\n\t\t\t\t<\/div>\n\t\t\t\t<div class=\"elementor-element elementor-element-3c2689 elementor-widget elementor-widget-heading\" data-id=\"3c2689\" data-element_type=\"widget\" data-widget_type=\"heading.default\">\n\t\t\t\t<div class=\"elementor-widget-container\">\n\t\t\t<h2 class=\"elementor-heading-title elementor-size-default\">Agenda tu visita<\/h2>\t\t<\/div>\n\t\t\t\t<\/div>\n\t\t\t\t<div class=\"elementor-element elementor-element-3912c815 elementor-widget-divider--view-line elementor-widget elementor-widget-divider\" data-id=\"3912c815\" data-element_type=\"widget\" data-widget_type=\"divider.default\">\n\t\t\t\t<div class=\"elementor-widget-container\">\n\t\t\t\t\t<div class=\"elementor-divider\">\n\t\t\t<span class=\"elementor-divider-separator\">\n\t\t\t\t\t\t<\/span>\n\t\t<\/div>\n\t\t\t\t<\/div>\n\t\t\t\t<\/div>\n\t\t\t\t<div class=\"elementor-element elementor-element-2c3ceb77 elementor-widget elementor-widget-template\" data-id=\"2c3ceb77\" data-element_type=\"widget\" data-widget_type=\"template.default\">\n\t\t\t\t<div class=\"elementor-widget-container\">\n\t\t\t\t\t<div class=\"elementor-template\">\n\t\t\t\t\t<div data-elementor-type=\"section\" data-elementor-id=\"2143\" class=\"elementor elementor-2143\" data-elementor-post-type=\"elementor_library\">\n\t\t\t\t\t\t\t\t<section class=\"elementor-section elementor-inner-section elementor-element elementor-element-4e034fe9 elementor-section-boxed elementor-section-height-default elementor-section-height-default\" data-id=\"4e034fe9\" data-element_type=\"section\">\n\t\t\t\t\t\t<div class=\"elementor-container elementor-column-gap-no\">\n\t\t\t\t\t<div class=\"elementor-column elementor-col-100 elementor-inner-column elementor-element elementor-element-578be279\" data-id=\"578be279\" data-element_type=\"column\">\n\t\t\t<div class=\"elementor-widget-wrap elementor-element-populated\">\n\t\t\t\t\t\t\t\t<div class=\"elementor-element elementor-element-5eecc988 elementor-button-align-start elementor-widget elementor-widget-form\" data-id=\"5eecc988\" data-element_type=\"widget\" data-settings=\"{&quot;button_width&quot;:&quot;100&quot;,&quot;step_next_label&quot;:&quot;Siguiente&quot;,&quot;step_previous_label&quot;:&quot;Anterior&quot;,&quot;step_type&quot;:&quot;number_text&quot;,&quot;step_icon_shape&quot;:&quot;circle&quot;}\" data-widget_type=\"form.default\">\n\t\t\t\t<div class=\"elementor-widget-container\">\n\t\t\t\t\t<form class=\"elementor-form\" method=\"post\" id=\"visit-form\" name=\"Agenda tu visita\">\n\t\t\t<input type=\"hidden\" name=\"post_id\" value=\"2143\"\/>\n\t\t\t<input type=\"hidden\" name=\"form_id\" value=\"5eecc988\"\/>\n\t\t\t<input type=\"hidden\" name=\"referer_title\" value=\"Aspaen Juanamb\u00fa\" \/>\n\n\t\t\t\n\t\t\t<div class=\"elementor-form-fields-wrapper elementor-labels-above\">\n\t\t\t\t\t\t\t\t<div class=\"elementor-field-type-html elementor-field-group elementor-column elementor-field-group-field_3 elementor-col-100\">\n\t\t\t\t\t<h3>Datos de padre o madre<\/h3>\t\t\t\t<\/div>\n\t\t\t\t\t\t\t\t<div class=\"elementor-field-type-text elementor-field-group elementor-column elementor-field-group-name elementor-col-100 elementor-field-required\">\n\t\t\t\t\t\t\t\t\t\t\t\t<label for=\"form-field-name\" class=\"elementor-field-label\">\n\t\t\t\t\t\t\t\tNombre\t\t\t\t\t\t\t<\/label>\n\t\t\t\t\t\t\t\t\t\t\t\t\t\t<input size=\"1\" type=\"text\" name=\"form_fields[name]\" id=\"form-field-name\" class=\"elementor-field elementor-size-sm  elementor-field-textual\" required=\"required\" aria-required=\"true\">\n\t\t\t\t\t\t\t\t\t\t\t<\/div>\n\t\t\t\t\t\t\t\t<div class=\"elementor-field-type-tel elementor-field-group elementor-column elementor-field-group-mobile elementor-col-100 elementor-field-required\">\n\t\t\t\t\t\t\t\t\t\t\t\t<label for=\"form-field-mobile\" class=\"elementor-field-label\">\n\t\t\t\t\t\t\t\tCelular\t\t\t\t\t\t\t<\/label>\n\t\t\t\t\t\t\t\t<input size=\"1\" type=\"tel\" name=\"form_fields[mobile]\" id=\"form-field-mobile\" class=\"elementor-field elementor-size-sm  elementor-field-textual\" required=\"required\" aria-required=\"true\" pattern=\"[0-9()#&amp;+*-=.]+\" title=\"Solo se aceptan n\u00fameros y caracteres de tel\u00e9fono (#,-,*,etc).\">\n\n\t\t\t\t\t\t<\/div>\n\t\t\t\t\t\t\t\t<div class=\"elementor-field-type-email elementor-field-group elementor-column elementor-field-group-email elementor-col-100 elementor-field-required\">\n\t\t\t\t\t\t\t\t\t\t\t\t<label for=\"form-field-email\" class=\"elementor-field-label\">\n\t\t\t\t\t\t\t\tCorreo electr\u00f3nico\t\t\t\t\t\t\t<\/label>\n\t\t\t\t\t\t\t\t\t\t\t\t\t\t<input size=\"1\" type=\"email\" name=\"form_fields[email]\" id=\"form-field-email\" class=\"elementor-field elementor-size-sm  elementor-field-textual\" required=\"required\" aria-required=\"true\">\n\t\t\t\t\t\t\t\t\t\t\t<\/div>\n\t\t\t\t\t\t\t\t<div class=\"elementor-field-type-select elementor-field-group elementor-column elementor-field-group-city elementor-col-50 elementor-field-required\">\n\t\t\t\t\t\t\t\t\t\t\t\t<label for=\"form-field-city\" class=\"elementor-field-label\">\n\t\t\t\t\t\t\t\tCiudad\t\t\t\t\t\t\t<\/label>\n\t\t\t\t\t\t\t\t<div class=\"elementor-field elementor-select-wrapper remove-before \">\n\t\t\t<div class=\"select-caret-down-wrapper\">\n\t\t\t\t<i aria-hidden=\"true\" class=\"eicon-caret-down\"><\/i>\t\t\t<\/div>\n\t\t\t<select name=\"form_fields[city]\" id=\"form-field-city\" class=\"elementor-field-textual elementor-size-sm\" required=\"required\" aria-required=\"true\">\n\t\t\t\t\t\t\t\t\t<option value=\"0\">Elije una ciudad<\/option>\n\t\t\t\t\t\t\t\t\t<option value=\"Barranquilla\">Barranquilla<\/option>\n\t\t\t\t\t\t\t\t\t<option value=\"Bogota\">Bogot\u00e1<\/option>\n\t\t\t\t\t\t\t\t\t<option value=\"Bucaramanga\">Bucaramanga<\/option>\n\t\t\t\t\t\t\t\t\t<option value=\"Cartagena\">Cartagena<\/option>\n\t\t\t\t\t\t\t\t\t<option value=\"Cali\">Cali<\/option>\n\t\t\t\t\t\t\t\t\t<option value=\"Manizales\">Manizales<\/option>\n\t\t\t\t\t\t\t\t\t<option value=\"Medellin\">Medell\u00edn<\/option>\n\t\t\t\t\t\t\t\t\t<option value=\"Neiva\">Neiva<\/option>\n\t\t\t\t\t\t\t<\/select>\n\t\t<\/div>\n\t\t\t\t\t\t<\/div>\n\t\t\t\t\t\t\t\t<div class=\"elementor-field-type-text elementor-field-group elementor-column elementor-field-group-institution elementor-col-50 elementor-field-required\">\n\t\t\t\t\t\t\t\t\t\t\t\t<label for=\"form-field-institution\" class=\"elementor-field-label\">\n\t\t\t\t\t\t\t\tInstituci\u00f3n de inter\u00e9s\t\t\t\t\t\t\t<\/label>\n\t\t\t\t\t\t\t\t\t\t\t\t\t\t<input size=\"1\" type=\"text\" name=\"form_fields[institution]\" id=\"form-field-institution\" class=\"elementor-field elementor-size-sm  elementor-field-textual\" placeholder=\"p. ej. Aspaen Juanamb\u00fa\" required=\"required\" aria-required=\"true\">\n\t\t\t\t\t\t\t\t\t\t\t<\/div>\n\t\t\t\t\t\t\t\t<div class=\"elementor-field-type-html elementor-field-group elementor-column elementor-field-group-field_2 elementor-col-100\">\n\t\t\t\t\t<h3>Datos del estudiante<\/h3>\t\t\t\t<\/div>\n\t\t\t\t\t\t\t\t<div class=\"elementor-field-type-text elementor-field-group elementor-column elementor-field-group-student_name elementor-col-100 elementor-field-required\">\n\t\t\t\t\t\t\t\t\t\t\t\t<label for=\"form-field-student_name\" class=\"elementor-field-label\">\n\t\t\t\t\t\t\t\tNombre\t\t\t\t\t\t\t<\/label>\n\t\t\t\t\t\t\t\t\t\t\t\t\t\t<input size=\"1\" type=\"text\" name=\"form_fields[student_name]\" id=\"form-field-student_name\" class=\"elementor-field elementor-size-sm  elementor-field-textual\" required=\"required\" aria-required=\"true\">\n\t\t\t\t\t\t\t\t\t\t\t<\/div>\n\t\t\t\t\t\t\t\t<div class=\"elementor-field-type-date elementor-field-group elementor-column elementor-field-group-birthdate elementor-col-100 elementor-field-required\">\n\t\t\t\t\t\t\t\t\t\t\t\t<label for=\"form-field-birthdate\" class=\"elementor-field-label\">\n\t\t\t\t\t\t\t\tFecha de nacimiento\t\t\t\t\t\t\t<\/label>\n\t\t\t\t\t\t\n\t\t<input type=\"date\" name=\"form_fields[birthdate]\" id=\"form-field-birthdate\" class=\"elementor-field elementor-size-sm  elementor-field-textual elementor-date-field\" placeholder=\"aaaa-mm-dd\" required=\"required\" aria-required=\"true\" pattern=\"[0-9]{4}-[0-9]{2}-[0-9]{2}\" min=\"2000-01-01\">\n\t\t\t\t\t\t<\/div>\n\t\t\t\t\t\t\t\t<div class=\"elementor-field-type-checkbox elementor-field-group elementor-column elementor-field-group-level elementor-col-100\">\n\t\t\t\t\t\t\t\t\t\t\t\t<label for=\"form-field-level\" class=\"elementor-field-label\">\n\t\t\t\t\t\t\t\tNivel al que aplica\t\t\t\t\t\t\t<\/label>\n\t\t\t\t\t\t<div class=\"elementor-field-subgroup  elementor-subgroup-inline\"><span class=\"elementor-field-option\"><input type=\"checkbox\" value=\"Preescolar\" id=\"form-field-level-0\" name=\"form_fields[level][]\"> <label for=\"form-field-level-0\">Preescolar<\/label><\/span><span class=\"elementor-field-option\"><input type=\"checkbox\" value=\"Primaria\" id=\"form-field-level-1\" name=\"form_fields[level][]\"> <label for=\"form-field-level-1\">Primaria<\/label><\/span><span class=\"elementor-field-option\"><input type=\"checkbox\" value=\"Bachillerato\" id=\"form-field-level-2\" name=\"form_fields[level][]\"> <label for=\"form-field-level-2\">Bachillerato<\/label><\/span><\/div>\t\t\t\t<\/div>\n\t\t\t\t\t\t\t\t<div class=\"elementor-field-type-html elementor-field-group elementor-column elementor-field-group-field_4 elementor-col-100\">\n\t\t\t\t\t<h6>Pronto ser\u00e1s contactado por la persona encargada.<\/h6>\t\t\t\t<\/div>\n\t\t\t\t\t\t\t\t<div class=\"elementor-field-group elementor-column elementor-field-type-submit elementor-col-100 e-form__buttons\">\n\t\t\t\t\t<button type=\"submit\" class=\"elementor-button elementor-size-sm\">\n\t\t\t\t\t\t<span >\n\t\t\t\t\t\t\t\t\t\t\t\t\t\t\t<span class=\" elementor-button-icon\">\n\t\t\t\t\t\t\t\t\t\t\t\t\t\t\t\t\t\t\t\t\t\t\t\t\t\t<\/span>\n\t\t\t\t\t\t\t\t\t\t\t\t\t\t\t\t\t\t\t\t\t\t<span class=\"elementor-button-text\">Enviar<\/span>\n\t\t\t\t\t\t\t\t\t\t\t\t\t<\/span>\n\t\t\t\t\t<\/button>\n\t\t\t\t<\/div>\n\t\t\t<\/div>\n\t\t<\/form>\n\t\t\t\t<\/div>\n\t\t\t\t<\/div>\n\t\t\t\t\t<\/div>\n\t\t<\/div>\n\t\t\t\t\t\t\t<\/div>\n\t\t<\/section>\n\t\t\t\t\t\t<\/div>\n\t\t\t\t<\/div>\n\t\t\t\t<\/div>\n\t\t\t\t<\/div>\n\t\t\t\t\t<\/div>\n\t\t<\/div>\n\t\t\t\t\t\t\t<\/div>\n\t\t<\/section>\n\t\t\t\t\t\t\t<\/div>\n\t\t","protected":false},"excerpt":{"rendered":"<p>conoce nuestro colegio Agenda tu visita<\/p>\n","protected":false},"author":2,"featured_media":0,"parent":0,"menu_order":0,"comment_status":"closed","ping_status":"closed","template":"","meta":{"footnotes":""},"yoast_head":"<!-- This site is optimized with the Yoast SEO plugin v21.7 - https:\/\/yoast.com\/wordpress\/plugins\/seo\/ -->\n<title>Conoce Aspaen Juananb\u00fa - Educaci\u00f3n Integral en Cali<\/title>\n<meta name=\"description\" content=\"Descubre Aspaen Juananb\u00fa en Cali, un colegio masculino que educa en valores, promoviendo el crecimiento personal y acad\u00e9mico.\" \/>\n<meta name=\"robots\" content=\"index, follow, max-snippet:-1, max-image-preview:large, max-video-preview:-1\" \/>\n<link rel=\"canonical\" href=\"https:\/\/aspaen.edu.co\/juanambu\/conoce-nuestro-colegio\/\" \/>\n<meta property=\"og:locale\" content=\"es_ES\" \/>\n<meta property=\"og:type\" content=\"article\" \/>\n<meta property=\"og:title\" content=\"Conoce Aspaen Juananb\u00fa - Educaci\u00f3n Integral en Cali\" \/>\n<meta property=\"og:description\" content=\"Descubre Aspaen Juananb\u00fa en Cali, un colegio masculino que educa en valores, promoviendo el crecimiento personal y acad\u00e9mico.\" \/>\n<meta property=\"og:url\" content=\"https:\/\/aspaen.edu.co\/juanambu\/conoce-nuestro-colegio\/\" \/>\n<meta property=\"og:site_name\" content=\"Aspaen Juanamb\u00fa\" \/>\n<meta property=\"article:modified_time\" content=\"2024-10-08T14:33:25+00:00\" \/>\n<meta name=\"twitter:card\" content=\"summary_large_image\" \/>\n<meta name=\"twitter:label1\" content=\"Tiempo de lectura\" \/>\n\t<meta name=\"twitter:data1\" content=\"1 minuto\" \/>\n<script type=\"application\/ld+json\" class=\"yoast-schema-graph\">{\"@context\":\"https:\/\/schema.org\",\"@graph\":[{\"@type\":\"WebPage\",\"@id\":\"https:\/\/aspaen.edu.co\/juanambu\/conoce-nuestro-colegio\/\",\"url\":\"https:\/\/aspaen.edu.co\/juanambu\/conoce-nuestro-colegio\/\",\"name\":\"Conoce Aspaen Juananb\u00fa - Educaci\u00f3n Integral en Cali\",\"isPartOf\":{\"@id\":\"https:\/\/aspaen.edu.co\/juanambu\/#website\"},\"datePublished\":\"2019-12-05T00:13:56+00:00\",\"dateModified\":\"2024-10-08T14:33:25+00:00\",\"description\":\"Descubre Aspaen Juananb\u00fa en Cali, un colegio masculino que educa en valores, promoviendo el crecimiento personal y acad\u00e9mico.\",\"breadcrumb\":{\"@id\":\"https:\/\/aspaen.edu.co\/juanambu\/conoce-nuestro-colegio\/#breadcrumb\"},\"inLanguage\":\"es\",\"potentialAction\":[{\"@type\":\"ReadAction\",\"target\":[\"https:\/\/aspaen.edu.co\/juanambu\/conoce-nuestro-colegio\/\"]}]},{\"@type\":\"BreadcrumbList\",\"@id\":\"https:\/\/aspaen.edu.co\/juanambu\/conoce-nuestro-colegio\/#breadcrumb\",\"itemListElement\":[{\"@type\":\"ListItem\",\"position\":1,\"name\":\"Portada\",\"item\":\"https:\/\/aspaen.edu.co\/juanambu\/\"},{\"@type\":\"ListItem\",\"position\":2,\"name\":\"Conoce nuestro colegio\"}]},{\"@type\":\"WebSite\",\"@id\":\"https:\/\/aspaen.edu.co\/juanambu\/#website\",\"url\":\"https:\/\/aspaen.edu.co\/juanambu\/\",\"name\":\"Aspaen Juanamb\u00fa\",\"description\":\"Un buen comienzo para un buen futuro\",\"publisher\":{\"@id\":\"https:\/\/aspaen.edu.co\/juanambu\/#organization\"},\"potentialAction\":[{\"@type\":\"SearchAction\",\"target\":{\"@type\":\"EntryPoint\",\"urlTemplate\":\"https:\/\/aspaen.edu.co\/juanambu\/?s={search_term_string}\"},\"query-input\":\"required name=search_term_string\"}],\"inLanguage\":\"es\"},{\"@type\":\"Organization\",\"@id\":\"https:\/\/aspaen.edu.co\/juanambu\/#organization\",\"name\":\"Aspaen Juanamb\u00fa\",\"url\":\"https:\/\/aspaen.edu.co\/juanambu\/\",\"logo\":{\"@type\":\"ImageObject\",\"inLanguage\":\"es\",\"@id\":\"https:\/\/aspaen.edu.co\/juanambu\/#\/schema\/logo\/image\/\",\"url\":\"https:\/\/aspaen.edu.co\/juanambu\/wp-content\/uploads\/sites\/27\/2020\/06\/logo-juanambu-x70.png\",\"contentUrl\":\"https:\/\/aspaen.edu.co\/juanambu\/wp-content\/uploads\/sites\/27\/2020\/06\/logo-juanambu-x70.png\",\"width\":276,\"height\":70,\"caption\":\"Aspaen Juanamb\u00fa\"},\"image\":{\"@id\":\"https:\/\/aspaen.edu.co\/juanambu\/#\/schema\/logo\/image\/\"}}]}<\/script>\n<!-- \/ Yoast SEO plugin. -->","yoast_head_json":{"title":"Conoce Aspaen Juananb\u00fa - Educaci\u00f3n Integral en Cali","description":"Descubre Aspaen Juananb\u00fa en Cali, un colegio masculino que educa en valores, promoviendo el crecimiento personal y acad\u00e9mico.","robots":{"index":"index","follow":"follow","max-snippet":"max-snippet:-1","max-image-preview":"max-image-preview:large","max-video-preview":"max-video-preview:-1"},"canonical":"https:\/\/aspaen.edu.co\/juanambu\/conoce-nuestro-colegio\/","og_locale":"es_ES","og_type":"article","og_title":"Conoce Aspaen Juananb\u00fa - Educaci\u00f3n Integral en Cali","og_description":"Descubre Aspaen Juananb\u00fa en Cali, un colegio masculino que educa en valores, promoviendo el crecimiento personal y acad\u00e9mico.","og_url":"https:\/\/aspaen.edu.co\/juanambu\/conoce-nuestro-colegio\/","og_site_name":"Aspaen Juanamb\u00fa","article_modified_time":"2024-10-08T14:33:25+00:00","twitter_card":"summary_large_image","twitter_misc":{"Tiempo de lectura":"1 minuto"},"schema":{"@context":"https:\/\/schema.org","@graph":[{"@type":"WebPage","@id":"https:\/\/aspaen.edu.co\/juanambu\/conoce-nuestro-colegio\/","url":"https:\/\/aspaen.edu.co\/juanambu\/conoce-nuestro-colegio\/","name":"Conoce Aspaen Juananb\u00fa - Educaci\u00f3n Integral en Cali","isPartOf":{"@id":"https:\/\/aspaen.edu.co\/juanambu\/#website"},"datePublished":"2019-12-05T00:13:56+00:00","dateModified":"2024-10-08T14:33:25+00:00","description":"Descubre Aspaen Juananb\u00fa en Cali, un colegio masculino que educa en valores, promoviendo el crecimiento personal y acad\u00e9mico.","breadcrumb":{"@id":"https:\/\/aspaen.edu.co\/juanambu\/conoce-nuestro-colegio\/#breadcrumb"},"inLanguage":"es","potentialAction":[{"@type":"ReadAction","target":["https:\/\/aspaen.edu.co\/juanambu\/conoce-nuestro-colegio\/"]}]},{"@type":"BreadcrumbList","@id":"https:\/\/aspaen.edu.co\/juanambu\/conoce-nuestro-colegio\/#breadcrumb","itemListElement":[{"@type":"ListItem","position":1,"name":"Portada","item":"https:\/\/aspaen.edu.co\/juanambu\/"},{"@type":"ListItem","position":2,"name":"Conoce nuestro colegio"}]},{"@type":"WebSite","@id":"https:\/\/aspaen.edu.co\/juanambu\/#website","url":"https:\/\/aspaen.edu.co\/juanambu\/","name":"Aspaen Juanamb\u00fa","description":"Un buen comienzo para un buen futuro","publisher":{"@id":"https:\/\/aspaen.edu.co\/juanambu\/#organization"},"potentialAction":[{"@type":"SearchAction","target":{"@type":"EntryPoint","urlTemplate":"https:\/\/aspaen.edu.co\/juanambu\/?s={search_term_string}"},"query-input":"required name=search_term_string"}],"inLanguage":"es"},{"@type":"Organization","@id":"https:\/\/aspaen.edu.co\/juanambu\/#organization","name":"Aspaen Juanamb\u00fa","url":"https:\/\/aspaen.edu.co\/juanambu\/","logo":{"@type":"ImageObject","inLanguage":"es","@id":"https:\/\/aspaen.edu.co\/juanambu\/#\/schema\/logo\/image\/","url":"https:\/\/aspaen.edu.co\/juanambu\/wp-content\/uploads\/sites\/27\/2020\/06\/logo-juanambu-x70.png","contentUrl":"https:\/\/aspaen.edu.co\/juanambu\/wp-content\/uploads\/sites\/27\/2020\/06\/logo-juanambu-x70.png","width":276,"height":70,"caption":"Aspaen Juanamb\u00fa"},"image":{"@id":"https:\/\/aspaen.edu.co\/juanambu\/#\/schema\/logo\/image\/"}}]}},"_links":{"self":[{"href":"https:\/\/aspaen.edu.co\/juanambu\/wp-json\/wp\/v2\/pages\/172"}],"collection":[{"href":"https:\/\/aspaen.edu.co\/juanambu\/wp-json\/wp\/v2\/pages"}],"about":[{"href":"https:\/\/aspaen.edu.co\/juanambu\/wp-json\/wp\/v2\/types\/page"}],"author":[{"embeddable":true,"href":"https:\/\/aspaen.edu.co\/juanambu\/wp-json\/wp\/v2\/users\/2"}],"replies":[{"embeddable":true,"href":"https:\/\/aspaen.edu.co\/juanambu\/wp-json\/wp\/v2\/comments?post=172"}],"version-history":[{"count":1,"href":"https:\/\/aspaen.edu.co\/juanambu\/wp-json\/wp\/v2\/pages\/172\/revisions"}],"predecessor-version":[{"id":3032,"href":"https:\/\/aspaen.edu.co\/juanambu\/wp-json\/wp\/v2\/pages\/172\/revisions\/3032"}],"wp:attachment":[{"href":"https:\/\/aspaen.edu.co\/juanambu\/wp-json\/wp\/v2\/media?parent=172"}],"curies":[{"name":"wp","href":"https:\/\/api.w.org\/{rel}","templated":true}]}}