{"id":2043,"date":"2020-03-24T23:25:18","date_gmt":"2020-03-24T23:25:18","guid":{"rendered":"https:\/\/aspaen.edu.co\/iragua\/?page_id=2043"},"modified":"2025-06-27T23:43:38","modified_gmt":"2025-06-28T04:43:38","slug":"regimen-tributario-especial","status":"publish","type":"page","link":"https:\/\/aspaen.edu.co\/iragua\/corpade\/regimen-tributario-especial\/","title":{"rendered":"R\u00e9gimen Tributario Especial"},"content":{"rendered":"\t\t<div data-elementor-type=\"wp-page\" data-elementor-id=\"2043\" class=\"elementor elementor-2043\" data-elementor-post-type=\"page\">\n\t\t\t\t\t\t\t\t\t<section class=\"elementor-section elementor-top-section elementor-element elementor-element-5746d3af elementor-section-full_width elementor-section-height-min-height elementor-section-height-default elementor-section-items-middle\" data-id=\"5746d3af\" data-element_type=\"section\" data-settings=\"{&quot;background_background&quot;:&quot;classic&quot;}\">\n\t\t\t\t\t\t\t<div class=\"elementor-background-overlay\"><\/div>\n\t\t\t\t\t\t\t<div class=\"elementor-container elementor-column-gap-no\">\n\t\t\t\t\t<div class=\"elementor-column elementor-col-100 elementor-top-column elementor-element elementor-element-2936522a\" data-id=\"2936522a\" data-element_type=\"column\">\n\t\t\t<div class=\"elementor-widget-wrap\">\n\t\t\t\t\t\t\t\t\t<\/div>\n\t\t<\/div>\n\t\t\t\t\t\t\t<\/div>\n\t\t<\/section>\n\t\t\t\t<section class=\"elementor-section elementor-top-section elementor-element elementor-element-494c87b5 elementor-section-full_width elementor-section-height-default elementor-section-height-default\" data-id=\"494c87b5\" data-element_type=\"section\">\n\t\t\t\t\t\t<div class=\"elementor-container elementor-column-gap-no\">\n\t\t\t\t\t<div class=\"elementor-column elementor-col-100 elementor-top-column elementor-element elementor-element-5f3360c1\" data-id=\"5f3360c1\" data-element_type=\"column\">\n\t\t\t<div class=\"elementor-widget-wrap elementor-element-populated\">\n\t\t\t\t\t\t\t\t<div class=\"elementor-element elementor-element-51f1326c elementor-widget elementor-widget-template\" data-id=\"51f1326c\" data-element_type=\"widget\" data-widget_type=\"template.default\">\n\t\t\t\t<div class=\"elementor-widget-container\">\n\t\t\t\t\t<div class=\"elementor-template\">\n\t\t\t\t\t<div data-elementor-type=\"section\" data-elementor-id=\"811\" class=\"elementor elementor-811\" data-elementor-post-type=\"elementor_library\">\n\t\t\t\t\t\t\t\t<section class=\"elementor-section elementor-top-section elementor-element elementor-element-d0b2bd8 elementor-section-height-min-height elementor-section-boxed elementor-section-height-default elementor-section-items-middle\" data-id=\"d0b2bd8\" data-element_type=\"section\" data-settings=\"{&quot;background_background&quot;:&quot;classic&quot;}\">\n\t\t\t\t\t\t<div class=\"elementor-container elementor-column-gap-no\">\n\t\t\t\t\t<div class=\"elementor-column elementor-col-33 elementor-top-column elementor-element elementor-element-6c56f6ea\" data-id=\"6c56f6ea\" data-element_type=\"column\">\n\t\t\t<div class=\"elementor-widget-wrap elementor-element-populated\">\n\t\t\t\t\t\t\t\t<div class=\"elementor-element elementor-element-5198c713 elementor-button-info elementor-align-center elementor-widget elementor-widget-button\" data-id=\"5198c713\" data-element_type=\"widget\" data-widget_type=\"button.default\">\n\t\t\t\t<div class=\"elementor-widget-container\">\n\t\t\t\t\t<div class=\"elementor-button-wrapper\">\n\t\t\t<a class=\"elementor-button elementor-button-link elementor-size-sm\" href=\"https:\/\/aspaen.edu.co\/iragua\/contactanos\/\">\n\t\t\t\t\t\t<span class=\"elementor-button-content-wrapper\">\n\t\t\t\t\t\t<span class=\"elementor-button-icon elementor-align-icon-left\">\n\t\t\t\t<i aria-hidden=\"true\" class=\"fas fa-envelope\"><\/i>\t\t\t<\/span>\n\t\t\t\t\t\t<span class=\"elementor-button-text\">Cont\u00e1ctanos<\/span>\n\t\t<\/span>\n\t\t\t\t\t<\/a>\n\t\t<\/div>\n\t\t\t\t<\/div>\n\t\t\t\t<\/div>\n\t\t\t\t\t<\/div>\n\t\t<\/div>\n\t\t\t\t<div class=\"elementor-column elementor-col-33 elementor-top-column elementor-element elementor-element-46865a18\" data-id=\"46865a18\" data-element_type=\"column\">\n\t\t\t<div class=\"elementor-widget-wrap elementor-element-populated\">\n\t\t\t\t\t\t\t\t<div class=\"elementor-element elementor-element-beb9087 elementor-button-info elementor-align-center elementor-widget elementor-widget-button\" data-id=\"beb9087\" data-element_type=\"widget\" data-widget_type=\"button.default\">\n\t\t\t\t<div class=\"elementor-widget-container\">\n\t\t\t\t\t<div class=\"elementor-button-wrapper\">\n\t\t\t<a class=\"elementor-button elementor-button-link elementor-size-sm\" href=\"https:\/\/aspaen.edu.co\/iragua\/conoce-nuestro-colegio\/\">\n\t\t\t\t\t\t<span class=\"elementor-button-content-wrapper\">\n\t\t\t\t\t\t<span class=\"elementor-button-icon elementor-align-icon-left\">\n\t\t\t\t<i aria-hidden=\"true\" class=\"fas fa-map-marker-alt\"><\/i>\t\t\t<\/span>\n\t\t\t\t\t\t<span class=\"elementor-button-text\">Conoce nuestro colegio<\/span>\n\t\t<\/span>\n\t\t\t\t\t<\/a>\n\t\t<\/div>\n\t\t\t\t<\/div>\n\t\t\t\t<\/div>\n\t\t\t\t\t<\/div>\n\t\t<\/div>\n\t\t\t\t<div class=\"elementor-column elementor-col-33 elementor-top-column elementor-element elementor-element-4c774a65\" data-id=\"4c774a65\" data-element_type=\"column\">\n\t\t\t<div class=\"elementor-widget-wrap elementor-element-populated\">\n\t\t\t\t\t\t\t\t<div class=\"elementor-element elementor-element-7bd18962 elementor-button-info elementor-align-center elementor-widget elementor-widget-button\" data-id=\"7bd18962\" data-element_type=\"widget\" data-widget_type=\"button.default\">\n\t\t\t\t<div class=\"elementor-widget-container\">\n\t\t\t\t\t<div class=\"elementor-button-wrapper\">\n\t\t\t<a class=\"elementor-button elementor-button-link elementor-size-sm\" href=\"https:\/\/aspaen.edu.co\/admisiones\/\">\n\t\t\t\t\t\t<span class=\"elementor-button-content-wrapper\">\n\t\t\t\t\t\t<span class=\"elementor-button-icon elementor-align-icon-left\">\n\t\t\t\t<i aria-hidden=\"true\" class=\"fas fa-pencil-alt\"><\/i>\t\t\t<\/span>\n\t\t\t\t\t\t<span class=\"elementor-button-text\">Aplica ahora<\/span>\n\t\t<\/span>\n\t\t\t\t\t<\/a>\n\t\t<\/div>\n\t\t\t\t<\/div>\n\t\t\t\t<\/div>\n\t\t\t\t\t<\/div>\n\t\t<\/div>\n\t\t\t\t\t\t\t<\/div>\n\t\t<\/section>\n\t\t\t\t\t\t<\/div>\n\t\t\t\t<\/div>\n\t\t\t\t<\/div>\n\t\t\t\t<\/div>\n\t\t\t\t\t<\/div>\n\t\t<\/div>\n\t\t\t\t\t\t\t<\/div>\n\t\t<\/section>\n\t\t\t\t<section class=\"elementor-section elementor-top-section elementor-element elementor-element-7a9a2591 elementor-section-boxed elementor-section-height-default elementor-section-height-default\" data-id=\"7a9a2591\" data-element_type=\"section\">\n\t\t\t\t\t\t<div class=\"elementor-container elementor-column-gap-default\">\n\t\t\t\t\t<div class=\"elementor-column elementor-col-100 elementor-top-column elementor-element elementor-element-5f7d4df5\" data-id=\"5f7d4df5\" data-element_type=\"column\">\n\t\t\t<div class=\"elementor-widget-wrap elementor-element-populated\">\n\t\t\t\t\t\t\t\t<div class=\"elementor-element elementor-element-397cbe1c elementor-widget elementor-widget-heading\" data-id=\"397cbe1c\" data-element_type=\"widget\" data-widget_type=\"heading.default\">\n\t\t\t\t<div class=\"elementor-widget-container\">\n\t\t\t<h1 class=\"elementor-heading-title elementor-size-default\">R\u00e9gimen Tributario Especial<\/h1>\t\t<\/div>\n\t\t\t\t<\/div>\n\t\t\t\t<div class=\"elementor-element elementor-element-ab4218e elementor-widget elementor-widget-spacer\" data-id=\"ab4218e\" data-element_type=\"widget\" data-widget_type=\"spacer.default\">\n\t\t\t\t<div class=\"elementor-widget-container\">\n\t\t\t\t\t<div class=\"elementor-spacer\">\n\t\t\t<div class=\"elementor-spacer-inner\"><\/div>\n\t\t<\/div>\n\t\t\t\t<\/div>\n\t\t\t\t<\/div>\n\t\t\t\t<section class=\"elementor-section elementor-inner-section elementor-element elementor-element-690adb25 elementor-section-boxed elementor-section-height-default elementor-section-height-default\" data-id=\"690adb25\" data-element_type=\"section\">\n\t\t\t\t\t\t<div class=\"elementor-container elementor-column-gap-default\">\n\t\t\t\t\t<div class=\"elementor-column elementor-col-100 elementor-inner-column elementor-element elementor-element-3efb21d6\" data-id=\"3efb21d6\" data-element_type=\"column\">\n\t\t\t<div class=\"elementor-widget-wrap elementor-element-populated\">\n\t\t\t\t\t\t\t\t<div class=\"elementor-element elementor-element-2051703 elementor-align-left elementor-icon-list--layout-traditional elementor-list-item-link-full_width elementor-widget elementor-widget-icon-list\" data-id=\"2051703\" data-element_type=\"widget\" data-widget_type=\"icon-list.default\">\n\t\t\t\t<div class=\"elementor-widget-container\">\n\t\t\t\t\t<ul class=\"elementor-icon-list-items\">\n\t\t\t\t\t\t\t<li class=\"elementor-icon-list-item\">\n\t\t\t\t\t\t\t\t\t\t\t<a href=\"https:\/\/aspaen.edu.co\/iragua\/wp-content\/uploads\/sites\/36\/2025\/06\/1.-INFORMACION-GENERAL.pdf\" target=\"_blank\">\n\n\t\t\t\t\t\t\t\t\t\t\t\t<span class=\"elementor-icon-list-icon\">\n\t\t\t\t\t\t\t<i aria-hidden=\"true\" class=\"far fa-file-pdf\"><\/i>\t\t\t\t\t\t<\/span>\n\t\t\t\t\t\t\t\t\t\t<span class=\"elementor-icon-list-text\">1. Informaci\u00f3n General<\/span>\n\t\t\t\t\t\t\t\t\t\t\t<\/a>\n\t\t\t\t\t\t\t\t\t<\/li>\n\t\t\t\t\t\t\t\t<li class=\"elementor-icon-list-item\">\n\t\t\t\t\t\t\t\t\t\t\t<a href=\"https:\/\/aspaen.edu.co\/iragua\/wp-content\/uploads\/sites\/36\/2025\/06\/2.-ESTADOS-FINANCIEROS.pdf\" target=\"_blank\">\n\n\t\t\t\t\t\t\t\t\t\t\t\t<span class=\"elementor-icon-list-icon\">\n\t\t\t\t\t\t\t<i aria-hidden=\"true\" class=\"far fa-file-pdf\"><\/i>\t\t\t\t\t\t<\/span>\n\t\t\t\t\t\t\t\t\t\t<span class=\"elementor-icon-list-text\">2. Estados Financieros<\/span>\n\t\t\t\t\t\t\t\t\t\t\t<\/a>\n\t\t\t\t\t\t\t\t\t<\/li>\n\t\t\t\t\t\t\t\t<li class=\"elementor-icon-list-item\">\n\t\t\t\t\t\t\t\t\t\t\t<a href=\"https:\/\/aspaen.edu.co\/iragua\/wp-content\/uploads\/sites\/36\/2025\/06\/3.-INFORME-DE-GESTION.pdf\" target=\"_blank\">\n\n\t\t\t\t\t\t\t\t\t\t\t\t<span class=\"elementor-icon-list-icon\">\n\t\t\t\t\t\t\t<i aria-hidden=\"true\" class=\"far fa-file-pdf\"><\/i>\t\t\t\t\t\t<\/span>\n\t\t\t\t\t\t\t\t\t\t<span class=\"elementor-icon-list-text\">3. Informe de Gesti\u00f3n<\/span>\n\t\t\t\t\t\t\t\t\t\t\t<\/a>\n\t\t\t\t\t\t\t\t\t<\/li>\n\t\t\t\t\t\t\t\t<li class=\"elementor-icon-list-item\">\n\t\t\t\t\t\t\t\t\t\t\t<a href=\"https:\/\/aspaen.edu.co\/iragua\/wp-content\/uploads\/sites\/36\/2025\/06\/4.-CERTIFICADO-CUMPLIMIENTO-REQUISITOS.pdf\" target=\"_blank\">\n\n\t\t\t\t\t\t\t\t\t\t\t\t<span class=\"elementor-icon-list-icon\">\n\t\t\t\t\t\t\t<i aria-hidden=\"true\" class=\"far fa-file-pdf\"><\/i>\t\t\t\t\t\t<\/span>\n\t\t\t\t\t\t\t\t\t\t<span class=\"elementor-icon-list-text\">4. Certificado Cumplimiento Requisitos RTE<\/span>\n\t\t\t\t\t\t\t\t\t\t\t<\/a>\n\t\t\t\t\t\t\t\t\t<\/li>\n\t\t\t\t\t\t\t\t<li class=\"elementor-icon-list-item\">\n\t\t\t\t\t\t\t\t\t\t\t<a href=\"https:\/\/aspaen.edu.co\/iragua\/wp-content\/uploads\/sites\/36\/2025\/06\/5.-CERTIFICADO-REPRESENTANTE-LEGAL.pdf\" target=\"_blank\">\n\n\t\t\t\t\t\t\t\t\t\t\t\t<span class=\"elementor-icon-list-icon\">\n\t\t\t\t\t\t\t<i aria-hidden=\"true\" class=\"far fa-file-pdf\"><\/i>\t\t\t\t\t\t<\/span>\n\t\t\t\t\t\t\t\t\t\t<span class=\"elementor-icon-list-text\">5. Certificado Representante Legal<\/span>\n\t\t\t\t\t\t\t\t\t\t\t<\/a>\n\t\t\t\t\t\t\t\t\t<\/li>\n\t\t\t\t\t\t\t\t<li class=\"elementor-icon-list-item\">\n\t\t\t\t\t\t\t\t\t\t\t<a href=\"https:\/\/aspaen.edu.co\/iragua\/wp-content\/uploads\/sites\/36\/2025\/06\/6.-ACTA-ASAMBLEA-ORDINARIA.pdf\" target=\"_blank\">\n\n\t\t\t\t\t\t\t\t\t\t\t\t<span class=\"elementor-icon-list-icon\">\n\t\t\t\t\t\t\t<i aria-hidden=\"true\" class=\"far fa-file-pdf\"><\/i>\t\t\t\t\t\t<\/span>\n\t\t\t\t\t\t\t\t\t\t<span class=\"elementor-icon-list-text\">6. Acta Asamblea Ordinaria<\/span>\n\t\t\t\t\t\t\t\t\t\t\t<\/a>\n\t\t\t\t\t\t\t\t\t<\/li>\n\t\t\t\t\t\t\t\t<li class=\"elementor-icon-list-item\">\n\t\t\t\t\t\t\t\t\t\t\t<a href=\"https:\/\/aspaen.edu.co\/iragua\/wp-content\/uploads\/sites\/36\/2025\/06\/7.-CERTIFICADO-CAMARA-DE-COMERCIO.pdf\" target=\"_blank\">\n\n\t\t\t\t\t\t\t\t\t\t\t\t<span class=\"elementor-icon-list-icon\">\n\t\t\t\t\t\t\t<i aria-hidden=\"true\" class=\"far fa-file-pdf\"><\/i>\t\t\t\t\t\t<\/span>\n\t\t\t\t\t\t\t\t\t\t<span class=\"elementor-icon-list-text\">7. C\u00e1mara de Comercio<\/span>\n\t\t\t\t\t\t\t\t\t\t\t<\/a>\n\t\t\t\t\t\t\t\t\t<\/li>\n\t\t\t\t\t\t<\/ul>\n\t\t\t\t<\/div>\n\t\t\t\t<\/div>\n\t\t\t\t\t<\/div>\n\t\t<\/div>\n\t\t\t\t\t\t\t<\/div>\n\t\t<\/section>\n\t\t\t\t\t<\/div>\n\t\t<\/div>\n\t\t\t\t\t\t\t<\/div>\n\t\t<\/section>\n\t\t\t\t\t\t\t<\/div>\n\t\t","protected":false},"excerpt":{"rendered":"<p>R\u00e9gimen Tributario Especial 1. Informaci\u00f3n General 2. Estados Financieros 3. Informe de Gesti\u00f3n 4. Certificado Cumplimiento Requisitos RTE 5. Certificado Representante Legal 6. Acta Asamblea Ordinaria 7. C\u00e1mara de Comercio<\/p>\n","protected":false},"author":2,"featured_media":0,"parent":2041,"menu_order":0,"comment_status":"closed","ping_status":"closed","template":"","meta":{"footnotes":""},"yoast_head":"<!-- This site is optimized with the Yoast SEO plugin v21.7 - https:\/\/yoast.com\/wordpress\/plugins\/seo\/ -->\n<title>R\u00e9gimen Tributario Especial en Bogot\u00e1 - Aspaen Iragua<\/title>\n<meta name=\"description\" content=\"Aspaen Iragua cumple con su R\u00e9gimen Tributario Especial, asegurando transparencia en todos los aspectos de la formaci\u00f3n educativa.\" \/>\n<meta name=\"robots\" content=\"index, follow, max-snippet:-1, max-image-preview:large, max-video-preview:-1\" \/>\n<link rel=\"canonical\" href=\"https:\/\/aspaen.edu.co\/iragua\/corpade\/regimen-tributario-especial\/\" \/>\n<meta property=\"og:locale\" content=\"es_ES\" \/>\n<meta property=\"og:type\" content=\"article\" \/>\n<meta property=\"og:title\" content=\"R\u00e9gimen Tributario Especial en Bogot\u00e1 - Aspaen Iragua\" \/>\n<meta property=\"og:description\" content=\"Aspaen Iragua cumple con su R\u00e9gimen Tributario Especial, asegurando transparencia en todos los aspectos de la formaci\u00f3n educativa.\" \/>\n<meta property=\"og:url\" content=\"https:\/\/aspaen.edu.co\/iragua\/corpade\/regimen-tributario-especial\/\" \/>\n<meta property=\"og:site_name\" content=\"Aspaen Iragua\" \/>\n<meta property=\"article:modified_time\" content=\"2025-06-28T04:43:38+00:00\" \/>\n<meta name=\"twitter:card\" content=\"summary_large_image\" \/>\n<meta name=\"twitter:label1\" content=\"Tiempo de lectura\" \/>\n\t<meta name=\"twitter:data1\" content=\"1 minuto\" \/>\n<script type=\"application\/ld+json\" class=\"yoast-schema-graph\">{\"@context\":\"https:\/\/schema.org\",\"@graph\":[{\"@type\":\"WebPage\",\"@id\":\"https:\/\/aspaen.edu.co\/iragua\/corpade\/regimen-tributario-especial\/\",\"url\":\"https:\/\/aspaen.edu.co\/iragua\/corpade\/regimen-tributario-especial\/\",\"name\":\"R\u00e9gimen Tributario Especial en Bogot\u00e1 - Aspaen Iragua\",\"isPartOf\":{\"@id\":\"https:\/\/aspaen.edu.co\/iragua\/#website\"},\"datePublished\":\"2020-03-24T23:25:18+00:00\",\"dateModified\":\"2025-06-28T04:43:38+00:00\",\"description\":\"Aspaen Iragua cumple con su R\u00e9gimen Tributario Especial, asegurando transparencia en todos los aspectos de la formaci\u00f3n educativa.\",\"breadcrumb\":{\"@id\":\"https:\/\/aspaen.edu.co\/iragua\/corpade\/regimen-tributario-especial\/#breadcrumb\"},\"inLanguage\":\"es\",\"potentialAction\":[{\"@type\":\"ReadAction\",\"target\":[\"https:\/\/aspaen.edu.co\/iragua\/corpade\/regimen-tributario-especial\/\"]}]},{\"@type\":\"BreadcrumbList\",\"@id\":\"https:\/\/aspaen.edu.co\/iragua\/corpade\/regimen-tributario-especial\/#breadcrumb\",\"itemListElement\":[{\"@type\":\"ListItem\",\"position\":1,\"name\":\"Portada\",\"item\":\"https:\/\/aspaen.edu.co\/iragua\/\"},{\"@type\":\"ListItem\",\"position\":2,\"name\":\"Corpade\",\"item\":\"https:\/\/aspaen.edu.co\/iragua\/corpade\/\"},{\"@type\":\"ListItem\",\"position\":3,\"name\":\"R\u00e9gimen Tributario Especial\"}]},{\"@type\":\"WebSite\",\"@id\":\"https:\/\/aspaen.edu.co\/iragua\/#website\",\"url\":\"https:\/\/aspaen.edu.co\/iragua\/\",\"name\":\"Aspaen Iragua\",\"description\":\"Un buen comienzo para un buen futuro\",\"publisher\":{\"@id\":\"https:\/\/aspaen.edu.co\/iragua\/#organization\"},\"potentialAction\":[{\"@type\":\"SearchAction\",\"target\":{\"@type\":\"EntryPoint\",\"urlTemplate\":\"https:\/\/aspaen.edu.co\/iragua\/?s={search_term_string}\"},\"query-input\":\"required name=search_term_string\"}],\"inLanguage\":\"es\"},{\"@type\":\"Organization\",\"@id\":\"https:\/\/aspaen.edu.co\/iragua\/#organization\",\"name\":\"Aspaen Iragua\",\"url\":\"https:\/\/aspaen.edu.co\/iragua\/\",\"logo\":{\"@type\":\"ImageObject\",\"inLanguage\":\"es\",\"@id\":\"https:\/\/aspaen.edu.co\/iragua\/#\/schema\/logo\/image\/\",\"url\":\"https:\/\/aspaen.edu.co\/iragua\/wp-content\/uploads\/sites\/36\/2020\/06\/logo-iragua-x70.png\",\"contentUrl\":\"https:\/\/aspaen.edu.co\/iragua\/wp-content\/uploads\/sites\/36\/2020\/06\/logo-iragua-x70.png\",\"width\":237,\"height\":70,\"caption\":\"Aspaen Iragua\"},\"image\":{\"@id\":\"https:\/\/aspaen.edu.co\/iragua\/#\/schema\/logo\/image\/\"}}]}<\/script>\n<!-- \/ Yoast SEO plugin. -->","yoast_head_json":{"title":"R\u00e9gimen Tributario Especial en Bogot\u00e1 - Aspaen Iragua","description":"Aspaen Iragua cumple con su R\u00e9gimen Tributario Especial, asegurando transparencia en todos los aspectos de la formaci\u00f3n educativa.","robots":{"index":"index","follow":"follow","max-snippet":"max-snippet:-1","max-image-preview":"max-image-preview:large","max-video-preview":"max-video-preview:-1"},"canonical":"https:\/\/aspaen.edu.co\/iragua\/corpade\/regimen-tributario-especial\/","og_locale":"es_ES","og_type":"article","og_title":"R\u00e9gimen Tributario Especial en Bogot\u00e1 - Aspaen Iragua","og_description":"Aspaen Iragua cumple con su R\u00e9gimen Tributario Especial, asegurando transparencia en todos los aspectos de la formaci\u00f3n educativa.","og_url":"https:\/\/aspaen.edu.co\/iragua\/corpade\/regimen-tributario-especial\/","og_site_name":"Aspaen Iragua","article_modified_time":"2025-06-28T04:43:38+00:00","twitter_card":"summary_large_image","twitter_misc":{"Tiempo de lectura":"1 minuto"},"schema":{"@context":"https:\/\/schema.org","@graph":[{"@type":"WebPage","@id":"https:\/\/aspaen.edu.co\/iragua\/corpade\/regimen-tributario-especial\/","url":"https:\/\/aspaen.edu.co\/iragua\/corpade\/regimen-tributario-especial\/","name":"R\u00e9gimen Tributario Especial en Bogot\u00e1 - Aspaen Iragua","isPartOf":{"@id":"https:\/\/aspaen.edu.co\/iragua\/#website"},"datePublished":"2020-03-24T23:25:18+00:00","dateModified":"2025-06-28T04:43:38+00:00","description":"Aspaen Iragua cumple con su R\u00e9gimen Tributario Especial, asegurando transparencia en todos los aspectos de la formaci\u00f3n educativa.","breadcrumb":{"@id":"https:\/\/aspaen.edu.co\/iragua\/corpade\/regimen-tributario-especial\/#breadcrumb"},"inLanguage":"es","potentialAction":[{"@type":"ReadAction","target":["https:\/\/aspaen.edu.co\/iragua\/corpade\/regimen-tributario-especial\/"]}]},{"@type":"BreadcrumbList","@id":"https:\/\/aspaen.edu.co\/iragua\/corpade\/regimen-tributario-especial\/#breadcrumb","itemListElement":[{"@type":"ListItem","position":1,"name":"Portada","item":"https:\/\/aspaen.edu.co\/iragua\/"},{"@type":"ListItem","position":2,"name":"Corpade","item":"https:\/\/aspaen.edu.co\/iragua\/corpade\/"},{"@type":"ListItem","position":3,"name":"R\u00e9gimen Tributario Especial"}]},{"@type":"WebSite","@id":"https:\/\/aspaen.edu.co\/iragua\/#website","url":"https:\/\/aspaen.edu.co\/iragua\/","name":"Aspaen Iragua","description":"Un buen comienzo para un buen futuro","publisher":{"@id":"https:\/\/aspaen.edu.co\/iragua\/#organization"},"potentialAction":[{"@type":"SearchAction","target":{"@type":"EntryPoint","urlTemplate":"https:\/\/aspaen.edu.co\/iragua\/?s={search_term_string}"},"query-input":"required name=search_term_string"}],"inLanguage":"es"},{"@type":"Organization","@id":"https:\/\/aspaen.edu.co\/iragua\/#organization","name":"Aspaen Iragua","url":"https:\/\/aspaen.edu.co\/iragua\/","logo":{"@type":"ImageObject","inLanguage":"es","@id":"https:\/\/aspaen.edu.co\/iragua\/#\/schema\/logo\/image\/","url":"https:\/\/aspaen.edu.co\/iragua\/wp-content\/uploads\/sites\/36\/2020\/06\/logo-iragua-x70.png","contentUrl":"https:\/\/aspaen.edu.co\/iragua\/wp-content\/uploads\/sites\/36\/2020\/06\/logo-iragua-x70.png","width":237,"height":70,"caption":"Aspaen Iragua"},"image":{"@id":"https:\/\/aspaen.edu.co\/iragua\/#\/schema\/logo\/image\/"}}]}},"_links":{"self":[{"href":"https:\/\/aspaen.edu.co\/iragua\/wp-json\/wp\/v2\/pages\/2043"}],"collection":[{"href":"https:\/\/aspaen.edu.co\/iragua\/wp-json\/wp\/v2\/pages"}],"about":[{"href":"https:\/\/aspaen.edu.co\/iragua\/wp-json\/wp\/v2\/types\/page"}],"author":[{"embeddable":true,"href":"https:\/\/aspaen.edu.co\/iragua\/wp-json\/wp\/v2\/users\/2"}],"replies":[{"embeddable":true,"href":"https:\/\/aspaen.edu.co\/iragua\/wp-json\/wp\/v2\/comments?post=2043"}],"version-history":[{"count":22,"href":"https:\/\/aspaen.edu.co\/iragua\/wp-json\/wp\/v2\/pages\/2043\/revisions"}],"predecessor-version":[{"id":4035,"href":"https:\/\/aspaen.edu.co\/iragua\/wp-json\/wp\/v2\/pages\/2043\/revisions\/4035"}],"up":[{"embeddable":true,"href":"https:\/\/aspaen.edu.co\/iragua\/wp-json\/wp\/v2\/pages\/2041"}],"wp:attachment":[{"href":"https:\/\/aspaen.edu.co\/iragua\/wp-json\/wp\/v2\/media?parent=2043"}],"curies":[{"name":"wp","href":"https:\/\/api.w.org\/{rel}","templated":true}]}}