{"id":910,"date":"2020-10-23T09:21:30","date_gmt":"2020-10-23T14:21:30","guid":{"rendered":"https:\/\/aspaen.edu.co\/gimnasiotundama\/?page_id=910"},"modified":"2025-02-10T08:30:54","modified_gmt":"2025-02-10T13:30:54","slug":"pagos-en-linea","status":"publish","type":"page","link":"https:\/\/aspaen.edu.co\/gimnasiotundama\/pagos-en-linea\/","title":{"rendered":"Pagos en l\u00ednea"},"content":{"rendered":"\t\t<div data-elementor-type=\"wp-page\" data-elementor-id=\"910\" class=\"elementor elementor-910\" data-elementor-post-type=\"page\">\n\t\t\t\t\t\t\t\t\t<section class=\"elementor-section elementor-top-section elementor-element elementor-element-1fa981f5 elementor-section-full_width elementor-section-height-min-height elementor-section-height-default elementor-section-items-middle\" data-id=\"1fa981f5\" data-element_type=\"section\" data-settings=\"{&quot;background_background&quot;:&quot;classic&quot;}\">\n\t\t\t\t\t\t\t<div class=\"elementor-background-overlay\"><\/div>\n\t\t\t\t\t\t\t<div class=\"elementor-container elementor-column-gap-default\">\n\t\t\t\t\t<div class=\"elementor-column elementor-col-100 elementor-top-column elementor-element elementor-element-4ba7181f\" data-id=\"4ba7181f\" data-element_type=\"column\">\n\t\t\t<div class=\"elementor-widget-wrap\">\n\t\t\t\t\t\t\t\t\t<\/div>\n\t\t<\/div>\n\t\t\t\t\t\t\t<\/div>\n\t\t<\/section>\n\t\t\t\t<section class=\"elementor-section elementor-top-section elementor-element elementor-element-6beac588 elementor-section-full_width elementor-section-height-default elementor-section-height-default\" data-id=\"6beac588\" data-element_type=\"section\">\n\t\t\t\t\t\t<div class=\"elementor-container elementor-column-gap-no\">\n\t\t\t\t\t<div class=\"elementor-column elementor-col-100 elementor-top-column elementor-element elementor-element-7bf3efe8\" data-id=\"7bf3efe8\" data-element_type=\"column\">\n\t\t\t<div class=\"elementor-widget-wrap elementor-element-populated\">\n\t\t\t\t\t\t\t\t<div class=\"elementor-element elementor-element-606c67b1 elementor-widget elementor-widget-template\" data-id=\"606c67b1\" data-element_type=\"widget\" data-widget_type=\"template.default\">\n\t\t\t\t<div class=\"elementor-widget-container\">\n\t\t\t\t\t<div class=\"elementor-template\">\n\t\t\t\t\t<div data-elementor-type=\"section\" data-elementor-id=\"959\" class=\"elementor elementor-959\" data-elementor-post-type=\"elementor_library\">\n\t\t\t\t\t\t\t\t<section class=\"elementor-section elementor-top-section elementor-element elementor-element-1b807fe4 elementor-section-content-middle elementor-section-height-min-height elementor-section-boxed elementor-section-height-default elementor-section-items-middle\" data-id=\"1b807fe4\" data-element_type=\"section\" data-settings=\"{&quot;background_background&quot;:&quot;classic&quot;}\">\n\t\t\t\t\t\t<div class=\"elementor-container elementor-column-gap-no\">\n\t\t\t\t\t<div class=\"elementor-column elementor-col-25 elementor-top-column elementor-element elementor-element-f20d083\" data-id=\"f20d083\" data-element_type=\"column\">\n\t\t\t<div class=\"elementor-widget-wrap elementor-element-populated\">\n\t\t\t\t\t\t\t\t<div class=\"elementor-element elementor-element-2ba94613 elementor-widget elementor-widget-heading\" data-id=\"2ba94613\" data-element_type=\"widget\" data-widget_type=\"heading.default\">\n\t\t\t\t<div class=\"elementor-widget-container\">\n\t\t\t<h6 class=\"elementor-heading-title elementor-size-default\"><a href=\"https:\/\/aspaen.edu.co\/gimnasiotundama\/contactanos\/\"><span class=\"elementor-button-icon elementor-align-icon-left\">\n<i aria-hidden=\"true\" class=\"fas fa-envelope\"><\/i>\n<\/span>\nCont\u00e1ctanos<\/a><\/h6>\t\t<\/div>\n\t\t\t\t<\/div>\n\t\t\t\t\t<\/div>\n\t\t<\/div>\n\t\t\t\t<div class=\"elementor-column elementor-col-25 elementor-top-column elementor-element elementor-element-a266ce6\" data-id=\"a266ce6\" data-element_type=\"column\">\n\t\t\t<div class=\"elementor-widget-wrap elementor-element-populated\">\n\t\t\t\t\t\t\t\t<div class=\"elementor-element elementor-element-1b9a0303 elementor-widget elementor-widget-heading\" data-id=\"1b9a0303\" data-element_type=\"widget\" data-widget_type=\"heading.default\">\n\t\t\t\t<div class=\"elementor-widget-container\">\n\t\t\t<h6 class=\"elementor-heading-title elementor-size-default\"><a href=\"https:\/\/aspaen.edu.co\/gimnasiotundama\/admisiones\/#agenda-tu-visita\"><span class=\"elementor-button-icon elementor-align-icon-left\">\n<i aria-hidden=\"true\" class=\"fas fa-map-marker-alt\"><\/i>\n<\/span>\nConoce nuestra sede<\/a><\/h6>\t\t<\/div>\n\t\t\t\t<\/div>\n\t\t\t\t\t<\/div>\n\t\t<\/div>\n\t\t\t\t<div class=\"elementor-column elementor-col-25 elementor-top-column elementor-element elementor-element-2ebb6fa0\" data-id=\"2ebb6fa0\" data-element_type=\"column\">\n\t\t\t<div class=\"elementor-widget-wrap elementor-element-populated\">\n\t\t\t\t\t\t\t\t<div class=\"elementor-element elementor-element-41665f39 elementor-widget elementor-widget-heading\" data-id=\"41665f39\" data-element_type=\"widget\" data-widget_type=\"heading.default\">\n\t\t\t\t<div class=\"elementor-widget-container\">\n\t\t\t<h6 class=\"elementor-heading-title elementor-size-default\"><a href=\"https:\/\/aspaen.edu.co\/gimnasiotundama\/admisiones\/#proceso-de-ingreso\"><span class=\"elementor-button-icon elementor-align-icon-left\">\n<i aria-hidden=\"true\" class=\"fas fa-pencil-alt\"><\/i>\n<\/span>\nAplica ahora<\/a><\/h6>\t\t<\/div>\n\t\t\t\t<\/div>\n\t\t\t\t\t<\/div>\n\t\t<\/div>\n\t\t\t\t<div class=\"elementor-column elementor-col-25 elementor-top-column elementor-element elementor-element-59d59b57\" data-id=\"59d59b57\" data-element_type=\"column\">\n\t\t\t<div class=\"elementor-widget-wrap elementor-element-populated\">\n\t\t\t\t\t\t\t\t<div class=\"elementor-element elementor-element-36690d9d elementor-widget elementor-widget-heading\" data-id=\"36690d9d\" data-element_type=\"widget\" data-widget_type=\"heading.default\">\n\t\t\t\t<div class=\"elementor-widget-container\">\n\t\t\t<h6 class=\"elementor-heading-title elementor-size-default\"><a href=\"https:\/\/aspaen.edu.co\/gimnasiotundama\/plan-padrino\/\"><span class=\"elementor-button-icon elementor-align-icon-left\">\n<i aria-hidden=\"true\" class=\"fas fa-hand-holding-heart\"><\/i>\n<\/span>\nHaz tu donaci\u00f3n<\/a><\/h6>\t\t<\/div>\n\t\t\t\t<\/div>\n\t\t\t\t\t<\/div>\n\t\t<\/div>\n\t\t\t\t\t\t\t<\/div>\n\t\t<\/section>\n\t\t\t\t\t\t<\/div>\n\t\t\t\t<\/div>\n\t\t\t\t<\/div>\n\t\t\t\t<\/div>\n\t\t\t\t\t<\/div>\n\t\t<\/div>\n\t\t\t\t\t\t\t<\/div>\n\t\t<\/section>\n\t\t\t\t<section class=\"elementor-section elementor-top-section elementor-element elementor-element-2dd802a elementor-section-boxed elementor-section-height-default elementor-section-height-default\" data-id=\"2dd802a\" data-element_type=\"section\">\n\t\t\t\t\t\t<div class=\"elementor-container elementor-column-gap-default\">\n\t\t\t\t\t<div class=\"elementor-column elementor-col-100 elementor-top-column elementor-element elementor-element-8add052\" data-id=\"8add052\" data-element_type=\"column\">\n\t\t\t<div class=\"elementor-widget-wrap elementor-element-populated\">\n\t\t\t\t\t\t\t\t<div class=\"elementor-element elementor-element-a9d14cd elementor-widget elementor-widget-heading\" data-id=\"a9d14cd\" data-element_type=\"widget\" data-widget_type=\"heading.default\">\n\t\t\t\t<div class=\"elementor-widget-container\">\n\t\t\t<h2 class=\"elementor-heading-title elementor-size-default\">Pagos en l\u00ednea<\/h2>\t\t<\/div>\n\t\t\t\t<\/div>\n\t\t\t\t<div class=\"elementor-element elementor-element-09d8bcf elementor-widget elementor-widget-heading\" data-id=\"09d8bcf\" data-element_type=\"widget\" data-widget_type=\"heading.default\">\n\t\t\t\t<div class=\"elementor-widget-container\">\n\t\t\t<h5 class=\"elementor-heading-title elementor-size-default\">Para proceder al pago de la matr\u00edcula o pensi\u00f3n, sigue este paso a paso que te ayudar\u00e1 a efectuarlo de forma f\u00e1cil, segura y r\u00e1pida<\/h5>\t\t<\/div>\n\t\t\t\t<\/div>\n\t\t\t\t<section class=\"elementor-section elementor-inner-section elementor-element elementor-element-28b51ed elementor-section-boxed elementor-section-height-default elementor-section-height-default\" data-id=\"28b51ed\" data-element_type=\"section\">\n\t\t\t\t\t\t<div class=\"elementor-container elementor-column-gap-default\">\n\t\t\t\t\t<div class=\"elementor-column elementor-col-100 elementor-inner-column elementor-element elementor-element-590fe6c\" data-id=\"590fe6c\" data-element_type=\"column\">\n\t\t\t<div class=\"elementor-widget-wrap elementor-element-populated\">\n\t\t\t\t\t\t\t\t<div class=\"elementor-element elementor-element-10fe36b elementor-widget elementor-widget-text-editor\" data-id=\"10fe36b\" data-element_type=\"widget\" data-widget_type=\"text-editor.default\">\n\t\t\t\t<div class=\"elementor-widget-container\">\n\t\t\t\t\t\t\t<ol><li>Ingresa a la p\u00e1gina <a href=\"https:\/\/www.mipagoamigo.com\/\" target=\"_blank\" rel=\"noopener\" data-wplink-edit=\"true\">www.mipagoamigo.com<\/a>.<\/li><li>Haz clic en la secci\u00f3n Recibos y Facturas.<\/li><li>Escribe <strong>CORPORACI\u00d3N CENTRO TUNDAMA<\/strong> en la barra <i>Nombre del convenio<\/i>.<\/li><li>Haz clic en la opci\u00f3n <i>Pagar<\/i>.<\/li><li>Completa la informaci\u00f3n requerida en el formulario.<ul><li>Escribe el c\u00f3digo del estudiante (los \u00faltimos cuatro (4) d\u00edgitos del documento de identidad del estudiante o los n\u00fameros 1234).<\/li><li>Introduce el valor a pagar, y en la descripci\u00f3n aclara el tipo de pago que realizar\u00e1s (matr\u00edcula o pensi\u00f3n).<\/li><li>Escribe el nombre completo del estudiante y el grado al que pertenece.<\/li><li>Haz clic en <i>Continuar<\/i>.<\/li><\/ul><\/li><li>Elige un medio de pago y diligencia la informaci\u00f3n para recibir la notificaci\u00f3n del mismo.<\/li><li>Verifica los datos y selecciona <i>Pagar<\/i>.<\/li><\/ol>\t\t\t\t\t\t<\/div>\n\t\t\t\t<\/div>\n\t\t\t\t\t<\/div>\n\t\t<\/div>\n\t\t\t\t\t\t\t<\/div>\n\t\t<\/section>\n\t\t\t\t<div class=\"elementor-element elementor-element-f48cc16 elementor-align-center elementor-widget elementor-widget-button\" data-id=\"f48cc16\" data-element_type=\"widget\" data-widget_type=\"button.default\">\n\t\t\t\t<div class=\"elementor-widget-container\">\n\t\t\t\t\t<div class=\"elementor-button-wrapper\">\n\t\t\t<a class=\"elementor-button elementor-button-link elementor-size-sm\" href=\"https:\/\/www.mipagoamigo.com\/MPA_WebSite\/ServicePayments\/StartPayment?id=13874&#038;searchedCategoryId=&#038;searchedAgreementName=ASPAEN%20TUNDAMA\" target=\"_blank\">\n\t\t\t\t\t\t<span class=\"elementor-button-content-wrapper\">\n\t\t\t\t\t\t<span class=\"elementor-button-text\">Ingresa a Mi Pago Amigo<\/span>\n\t\t<\/span>\n\t\t\t\t\t<\/a>\n\t\t<\/div>\n\t\t\t\t<\/div>\n\t\t\t\t<\/div>\n\t\t\t\t\t<\/div>\n\t\t<\/div>\n\t\t\t\t\t\t\t<\/div>\n\t\t<\/section>\n\t\t\t\t\t\t\t<\/div>\n\t\t","protected":false},"excerpt":{"rendered":"<p>Pagos en l\u00ednea Para proceder al pago de la matr\u00edcula o pensi\u00f3n, sigue este paso a paso que te ayudar\u00e1 a efectuarlo de forma f\u00e1cil, segura y r\u00e1pida Ingresa a la p\u00e1gina www.mipagoamigo.com. Haz clic en la secci\u00f3n Recibos y Facturas. Escribe CORPORACI\u00d3N CENTRO TUNDAMA en la barra Nombre del convenio. Haz clic en la [&hellip;]<\/p>\n","protected":false},"author":2,"featured_media":0,"parent":0,"menu_order":0,"comment_status":"closed","ping_status":"closed","template":"","meta":{"footnotes":""},"yoast_head":"<!-- This site is optimized with the Yoast SEO plugin v21.7 - https:\/\/yoast.com\/wordpress\/plugins\/seo\/ -->\n<title>Pagos en l\u00ednea - Gimnasio Tundama<\/title>\n<meta name=\"robots\" content=\"index, follow, max-snippet:-1, max-image-preview:large, max-video-preview:-1\" \/>\n<link rel=\"canonical\" href=\"https:\/\/aspaen.edu.co\/gimnasiotundama\/pagos-en-linea\/\" \/>\n<meta property=\"og:locale\" content=\"es_ES\" \/>\n<meta property=\"og:type\" content=\"article\" \/>\n<meta property=\"og:title\" content=\"Pagos en l\u00ednea - Gimnasio Tundama\" \/>\n<meta property=\"og:description\" content=\"Pagos en l\u00ednea Para proceder al pago de la matr\u00edcula o pensi\u00f3n, sigue este paso a paso que te ayudar\u00e1 a efectuarlo de forma f\u00e1cil, segura y r\u00e1pida Ingresa a la p\u00e1gina www.mipagoamigo.com. Haz clic en la secci\u00f3n Recibos y Facturas. Escribe CORPORACI\u00d3N CENTRO TUNDAMA en la barra Nombre del convenio. Haz clic en la [&hellip;]\" \/>\n<meta property=\"og:url\" content=\"https:\/\/aspaen.edu.co\/gimnasiotundama\/pagos-en-linea\/\" \/>\n<meta property=\"og:site_name\" content=\"Gimnasio Tundama\" \/>\n<meta property=\"article:modified_time\" content=\"2025-02-10T13:30:54+00:00\" \/>\n<meta name=\"twitter:card\" content=\"summary_large_image\" \/>\n<meta name=\"twitter:label1\" content=\"Tiempo de lectura\" \/>\n\t<meta name=\"twitter:data1\" content=\"1 minuto\" \/>\n<script type=\"application\/ld+json\" class=\"yoast-schema-graph\">{\"@context\":\"https:\/\/schema.org\",\"@graph\":[{\"@type\":\"WebPage\",\"@id\":\"https:\/\/aspaen.edu.co\/gimnasiotundama\/pagos-en-linea\/\",\"url\":\"https:\/\/aspaen.edu.co\/gimnasiotundama\/pagos-en-linea\/\",\"name\":\"Pagos en l\u00ednea - Gimnasio Tundama\",\"isPartOf\":{\"@id\":\"https:\/\/aspaen.edu.co\/gimnasiotundama\/#website\"},\"datePublished\":\"2020-10-23T14:21:30+00:00\",\"dateModified\":\"2025-02-10T13:30:54+00:00\",\"breadcrumb\":{\"@id\":\"https:\/\/aspaen.edu.co\/gimnasiotundama\/pagos-en-linea\/#breadcrumb\"},\"inLanguage\":\"es\",\"potentialAction\":[{\"@type\":\"ReadAction\",\"target\":[\"https:\/\/aspaen.edu.co\/gimnasiotundama\/pagos-en-linea\/\"]}]},{\"@type\":\"BreadcrumbList\",\"@id\":\"https:\/\/aspaen.edu.co\/gimnasiotundama\/pagos-en-linea\/#breadcrumb\",\"itemListElement\":[{\"@type\":\"ListItem\",\"position\":1,\"name\":\"Portada\",\"item\":\"https:\/\/aspaen.edu.co\/gimnasiotundama\/\"},{\"@type\":\"ListItem\",\"position\":2,\"name\":\"Pagos en l\u00ednea\"}]},{\"@type\":\"WebSite\",\"@id\":\"https:\/\/aspaen.edu.co\/gimnasiotundama\/#website\",\"url\":\"https:\/\/aspaen.edu.co\/gimnasiotundama\/\",\"name\":\"Gimnasio Tundama\",\"description\":\"Aspaen\",\"publisher\":{\"@id\":\"https:\/\/aspaen.edu.co\/gimnasiotundama\/#organization\"},\"potentialAction\":[{\"@type\":\"SearchAction\",\"target\":{\"@type\":\"EntryPoint\",\"urlTemplate\":\"https:\/\/aspaen.edu.co\/gimnasiotundama\/?s={search_term_string}\"},\"query-input\":\"required name=search_term_string\"}],\"inLanguage\":\"es\"},{\"@type\":\"Organization\",\"@id\":\"https:\/\/aspaen.edu.co\/gimnasiotundama\/#organization\",\"name\":\"Gimnasio Tundama\",\"url\":\"https:\/\/aspaen.edu.co\/gimnasiotundama\/\",\"logo\":{\"@type\":\"ImageObject\",\"inLanguage\":\"es\",\"@id\":\"https:\/\/aspaen.edu.co\/gimnasiotundama\/#\/schema\/logo\/image\/\",\"url\":\"https:\/\/aspaen.edu.co\/gimnasiotundama\/wp-content\/uploads\/sites\/61\/2020\/10\/logo-tundama.png\",\"contentUrl\":\"https:\/\/aspaen.edu.co\/gimnasiotundama\/wp-content\/uploads\/sites\/61\/2020\/10\/logo-tundama.png\",\"width\":76,\"height\":90,\"caption\":\"Gimnasio Tundama\"},\"image\":{\"@id\":\"https:\/\/aspaen.edu.co\/gimnasiotundama\/#\/schema\/logo\/image\/\"}}]}<\/script>\n<!-- \/ Yoast SEO plugin. -->","yoast_head_json":{"title":"Pagos en l\u00ednea - Gimnasio Tundama","robots":{"index":"index","follow":"follow","max-snippet":"max-snippet:-1","max-image-preview":"max-image-preview:large","max-video-preview":"max-video-preview:-1"},"canonical":"https:\/\/aspaen.edu.co\/gimnasiotundama\/pagos-en-linea\/","og_locale":"es_ES","og_type":"article","og_title":"Pagos en l\u00ednea - Gimnasio Tundama","og_description":"Pagos en l\u00ednea Para proceder al pago de la matr\u00edcula o pensi\u00f3n, sigue este paso a paso que te ayudar\u00e1 a efectuarlo de forma f\u00e1cil, segura y r\u00e1pida Ingresa a la p\u00e1gina www.mipagoamigo.com. Haz clic en la secci\u00f3n Recibos y Facturas. Escribe CORPORACI\u00d3N CENTRO TUNDAMA en la barra Nombre del convenio. Haz clic en la [&hellip;]","og_url":"https:\/\/aspaen.edu.co\/gimnasiotundama\/pagos-en-linea\/","og_site_name":"Gimnasio Tundama","article_modified_time":"2025-02-10T13:30:54+00:00","twitter_card":"summary_large_image","twitter_misc":{"Tiempo de lectura":"1 minuto"},"schema":{"@context":"https:\/\/schema.org","@graph":[{"@type":"WebPage","@id":"https:\/\/aspaen.edu.co\/gimnasiotundama\/pagos-en-linea\/","url":"https:\/\/aspaen.edu.co\/gimnasiotundama\/pagos-en-linea\/","name":"Pagos en l\u00ednea - Gimnasio Tundama","isPartOf":{"@id":"https:\/\/aspaen.edu.co\/gimnasiotundama\/#website"},"datePublished":"2020-10-23T14:21:30+00:00","dateModified":"2025-02-10T13:30:54+00:00","breadcrumb":{"@id":"https:\/\/aspaen.edu.co\/gimnasiotundama\/pagos-en-linea\/#breadcrumb"},"inLanguage":"es","potentialAction":[{"@type":"ReadAction","target":["https:\/\/aspaen.edu.co\/gimnasiotundama\/pagos-en-linea\/"]}]},{"@type":"BreadcrumbList","@id":"https:\/\/aspaen.edu.co\/gimnasiotundama\/pagos-en-linea\/#breadcrumb","itemListElement":[{"@type":"ListItem","position":1,"name":"Portada","item":"https:\/\/aspaen.edu.co\/gimnasiotundama\/"},{"@type":"ListItem","position":2,"name":"Pagos en l\u00ednea"}]},{"@type":"WebSite","@id":"https:\/\/aspaen.edu.co\/gimnasiotundama\/#website","url":"https:\/\/aspaen.edu.co\/gimnasiotundama\/","name":"Gimnasio Tundama","description":"Aspaen","publisher":{"@id":"https:\/\/aspaen.edu.co\/gimnasiotundama\/#organization"},"potentialAction":[{"@type":"SearchAction","target":{"@type":"EntryPoint","urlTemplate":"https:\/\/aspaen.edu.co\/gimnasiotundama\/?s={search_term_string}"},"query-input":"required name=search_term_string"}],"inLanguage":"es"},{"@type":"Organization","@id":"https:\/\/aspaen.edu.co\/gimnasiotundama\/#organization","name":"Gimnasio Tundama","url":"https:\/\/aspaen.edu.co\/gimnasiotundama\/","logo":{"@type":"ImageObject","inLanguage":"es","@id":"https:\/\/aspaen.edu.co\/gimnasiotundama\/#\/schema\/logo\/image\/","url":"https:\/\/aspaen.edu.co\/gimnasiotundama\/wp-content\/uploads\/sites\/61\/2020\/10\/logo-tundama.png","contentUrl":"https:\/\/aspaen.edu.co\/gimnasiotundama\/wp-content\/uploads\/sites\/61\/2020\/10\/logo-tundama.png","width":76,"height":90,"caption":"Gimnasio Tundama"},"image":{"@id":"https:\/\/aspaen.edu.co\/gimnasiotundama\/#\/schema\/logo\/image\/"}}]}},"_links":{"self":[{"href":"https:\/\/aspaen.edu.co\/gimnasiotundama\/wp-json\/wp\/v2\/pages\/910"}],"collection":[{"href":"https:\/\/aspaen.edu.co\/gimnasiotundama\/wp-json\/wp\/v2\/pages"}],"about":[{"href":"https:\/\/aspaen.edu.co\/gimnasiotundama\/wp-json\/wp\/v2\/types\/page"}],"author":[{"embeddable":true,"href":"https:\/\/aspaen.edu.co\/gimnasiotundama\/wp-json\/wp\/v2\/users\/2"}],"replies":[{"embeddable":true,"href":"https:\/\/aspaen.edu.co\/gimnasiotundama\/wp-json\/wp\/v2\/comments?post=910"}],"version-history":[{"count":3,"href":"https:\/\/aspaen.edu.co\/gimnasiotundama\/wp-json\/wp\/v2\/pages\/910\/revisions"}],"predecessor-version":[{"id":1331,"href":"https:\/\/aspaen.edu.co\/gimnasiotundama\/wp-json\/wp\/v2\/pages\/910\/revisions\/1331"}],"wp:attachment":[{"href":"https:\/\/aspaen.edu.co\/gimnasiotundama\/wp-json\/wp\/v2\/media?parent=910"}],"curies":[{"name":"wp","href":"https:\/\/api.w.org\/{rel}","templated":true}]}}